{"id":10,"date":"2016-11-03T10:54:14","date_gmt":"2016-11-03T13:54:14","guid":{"rendered":"https:\/\/institutonores.edu.ar\/web\/?page_id=10"},"modified":"2018-10-22T17:02:52","modified_gmt":"2018-10-22T20:02:52","slug":"campo-de-deportes","status":"publish","type":"page","link":"http:\/\/www.institutonores.edu.ar\/web\/campo-de-deportes\/","title":{"rendered":"CAMPO DE DEPORTES"},"content":{"rendered":"<p style=\"text-align: center;\"><strong>CAMPO DE DEPORTES<\/strong><\/p>\n<p style=\"text-align: center;\"><strong>COLEGIO DR. ANTONIO NORES<\/strong><\/p>\n<p>&nbsp;<\/p>\n<p style=\"text-align: center;\">TE INVITA a participar, de lunes a lunes, de distintas actividades sociales, recreativas y deportivas:<\/p>\n<ul>\n<li>Alquiler de canchas de F\u00fatbol, B\u00e1squet, y Voleibol; en horarios diurnos y nocturnos.<\/li>\n<li>Alquiler de quincho con asadores, para celebrar cumplea\u00f1os, fiestas y encuentros de todo tipo.<\/li>\n<li>Alquiler de sal\u00f3n o gimnasio cubierto con tribuna para grandes eventos.<\/li>\n<\/ul>\n<p>&nbsp;<\/p>\n<p style=\"text-align: center;\">AS\u00cd TAMBI\u00c9N, nuestros alumnos disponen del mismo, para actividades como:<\/p>\n<ul>\n<li>Almuerzos y venta de alimentos en la Cantina Escolar.<\/li>\n<li>Escuela de verano y pileta libre en \u00e9poca estival.<\/li>\n<li>Utilizaci\u00f3n de la totalidad del predio para actividades curriculares, incluyendo el Sal\u00f3n de Usos M\u00faltiples (S.U.M.) en caso de bajas temperaturas y\/o lluvias.<\/li>\n<\/ul>\n<p>&nbsp;<\/p>\n<p><em>Si\u00a0ten\u00e9s fotos en las que\u00a0apareces\u00a0participando en alg\u00fan\u00a0deporte en representaci\u00f3n\u00a0de la instituci\u00f3n,\u00a0env\u00edanosla a\u00a0<span class=\"m_-2711926477327826389misspel\">deportes<\/span>@<span class=\"m_-2711926477327826389misspel\">institutonores<\/span>.<span class=\"m_-2711926477327826389misspel\">edu<\/span>.<span class=\"m_-2711926477327826389misspel\">ar<\/span>\u00a0as\u00ed la subimos\u00a0a la p\u00e1gina.<\/em><\/p>\n<p>&nbsp;<\/p>\n<p style=\"text-align: center;\"><strong>CONSULTAR DISPONIBILIDAD HORARIA EN CANTINA en caso de requerir alquiler del predio.<\/strong><\/p>\n<p style=\"text-align: center;\"><strong><a href=\"https:\/\/maps.google.com\/?q=Julio+de+Vedia+N%C2%BA+2301&amp;entry=gmail&amp;source=g\" target=\"_blank\" rel=\"noopener\" data-saferedirecturl=\"https:\/\/www.google.com\/url?q=https:\/\/maps.google.com\/?q%3DJulio%2Bde%2BVedia%2BN%25C2%25BA%2B2301%26entry%3Dgmail%26source%3Dg&amp;source=gmail&amp;ust=1540324330259000&amp;usg=AFQjCNHJ0L3Mf0Zue61EYXEDaFENkiw4yA\">Julio de Vedia N\u00ba 2301<\/a>\u00a0\u2013 B\u00ba Santa Clara de As\u00eds. \u00a0\u2013 C\u00f3rdoba \u2013 Tel. (0351) 452-9882<\/strong><\/p>\n","protected":false},"excerpt":{"rendered":"<p>CAMPO DE DEPORTES COLEGIO DR. ANTONIO NORES &nbsp; TE INVITA a participar, de lunes a lunes, de distintas actividades sociales, recreativas y deportivas: Alquiler de canchas de F\u00fatbol, B\u00e1squet, y Voleibol; en horarios diurnos y nocturnos. Alquiler de quincho con <a href=\"http:\/\/www.institutonores.edu.ar\/web\/campo-de-deportes\/\" class=\"read-more\">Leer m\u00e1s &#8230;<\/a><\/p>\n","protected":false},"author":2,"featured_media":425,"parent":0,"menu_order":0,"comment_status":"closed","ping_status":"closed","template":"","meta":{"footnotes":""},"class_list":["post-10","page","type-page","status-publish","has-post-thumbnail","hentry"],"_links":{"self":[{"href":"http:\/\/www.institutonores.edu.ar\/web\/wp-json\/wp\/v2\/pages\/10","targetHints":{"allow":["GET"]}}],"collection":[{"href":"http:\/\/www.institutonores.edu.ar\/web\/wp-json\/wp\/v2\/pages"}],"about":[{"href":"http:\/\/www.institutonores.edu.ar\/web\/wp-json\/wp\/v2\/types\/page"}],"author":[{"embeddable":true,"href":"http:\/\/www.institutonores.edu.ar\/web\/wp-json\/wp\/v2\/users\/2"}],"replies":[{"embeddable":true,"href":"http:\/\/www.institutonores.edu.ar\/web\/wp-json\/wp\/v2\/comments?post=10"}],"version-history":[{"count":11,"href":"http:\/\/www.institutonores.edu.ar\/web\/wp-json\/wp\/v2\/pages\/10\/revisions"}],"predecessor-version":[{"id":1889,"href":"http:\/\/www.institutonores.edu.ar\/web\/wp-json\/wp\/v2\/pages\/10\/revisions\/1889"}],"wp:featuredmedia":[{"embeddable":true,"href":"http:\/\/www.institutonores.edu.ar\/web\/wp-json\/wp\/v2\/media\/425"}],"wp:attachment":[{"href":"http:\/\/www.institutonores.edu.ar\/web\/wp-json\/wp\/v2\/media?parent=10"}],"curies":[{"name":"wp","href":"https:\/\/api.w.org\/{rel}","templated":true}]}}