{"id":15,"date":"2016-11-03T11:10:48","date_gmt":"2016-11-03T14:10:48","guid":{"rendered":"https:\/\/institutonores.edu.ar\/web\/?page_id=15"},"modified":"2025-05-30T11:04:46","modified_gmt":"2025-05-30T14:04:46","slug":"nivel-inicial","status":"publish","type":"page","link":"http:\/\/www.institutonores.edu.ar\/web\/nivel-inicial\/","title":{"rendered":"INICIAL"},"content":{"rendered":"<p><a href=\"http:\/\/www.institutonores.edu.ar\/web\/wp-content\/uploads\/2024\/05\/jardin-pulgarcito-encabezado-60-anos.png\"><img loading=\"lazy\" decoding=\"async\" class=\"size-full wp-image-7991 aligncenter\" src=\"http:\/\/www.institutonores.edu.ar\/web\/wp-content\/uploads\/2024\/05\/jardin-pulgarcito-encabezado-60-anos.png\" alt=\"\" width=\"610\" height=\"222\" srcset=\"http:\/\/www.institutonores.edu.ar\/web\/wp-content\/uploads\/2024\/05\/jardin-pulgarcito-encabezado-60-anos.png 610w, http:\/\/www.institutonores.edu.ar\/web\/wp-content\/uploads\/2024\/05\/jardin-pulgarcito-encabezado-60-anos-300x109.png 300w, http:\/\/www.institutonores.edu.ar\/web\/wp-content\/uploads\/2024\/05\/jardin-pulgarcito-encabezado-60-anos-360x131.png 360w\" sizes=\"auto, (max-width: 610px) 100vw, 610px\" \/><\/a><\/p>\n<p>En el nivel inicial funcionan 6 salas en cada turno (ma\u00f1ana y tarde) a las que asisten ni\u00f1os y ni\u00f1as de 3, 4 y 5 a\u00f1os. Las salas son muy amplias, con abundante iluminaci\u00f3n natural, calefacci\u00f3n central e instalaci\u00f3n sanitaria en el interior de las mismas, para un mejor control. El edificio tambi\u00e9n incluye una sala de m\u00fasica, un sal\u00f3n central multiuso, gabinete psicopedag\u00f3gico, sector administrativo, 2 salas de maestros y un hermoso patio de juegos, en el cual tambi\u00e9n tenemos un invernadero y viverito, para que nuestros alumnos y alumnas puedan vivenciar la siembra y crecimiento de diferentes especies, como participar de su cuidado.<\/p>\n<p>Todas las salas cumplen con media hora diaria de prolongaci\u00f3n de jornada, a los fines de dar lugar al desarrollo de las materias especiales, por lo cual los ni\u00f1os asisten 3 horas y media.<\/p>\n<p>Adem\u00e1s de las actividades realizadas en la sala, los ni\u00f1os tienen: M\u00fasica, Catequesis, Educaci\u00f3n F\u00edsica, Ingl\u00e9s (s\u00f3lo para las salas de 5 a\u00f1os) e Inform\u00e1tica (cada sala cuenta con un rinc\u00f3n con cuatro computadoras).<br \/>\nLos alumnos de las salas de 5 a\u00f1os participan del proyecto deportivo dos veces por semana: las nenas tienen hockey y los varones f\u00fatbol, por lo que la jornada escolar se ampl\u00eda un hora m\u00e1s.<\/p>\n<p>Adem\u00e1s de las actividades curriculares correspondientes a los campos de aprendizaje de Lenguaje y Literatura, Matem\u00e1tica, Ciencias Naturales, Sociales y Tecnolog\u00eda y Educaci\u00f3n Art\u00edstica, nuestra propuesta incluye M\u00fasica, Educaci\u00f3n F\u00edsica y Catequesis para todas las salas. Sumando a las salas de 5 a\u00f1os, Ingl\u00e9s, Rob\u00f3tica y Proyecto Deportivo; este \u00faltimo con una carga horaria extra de 40 minutos, en los cuales se desarrollan propuestas de iniciaci\u00f3n al F\u00fatbol y Hockey.<\/p>\n<p><iframe loading=\"lazy\" title=\"COLEGIO DR. ANTONIO NORES -  NIVEL INICIAL\" width=\"847\" height=\"476\" src=\"https:\/\/www.youtube.com\/embed\/fOqS7dzD9gA?feature=oembed\" frameborder=\"0\" allow=\"accelerometer; autoplay; clipboard-write; encrypted-media; gyroscope; picture-in-picture; web-share\" referrerpolicy=\"strict-origin-when-cross-origin\" allowfullscreen><\/iframe><\/p>\n<p>&nbsp;<\/p>\n<p>&nbsp;<\/p>\n<p style=\"text-align: center;\"><strong>Julio de Vedia 2355 B\u00ba Santa Clara de As\u00eds.<\/strong><br \/>\nTurno ma\u00f1ana: <strong>de 8.50 a 12.30 hs.<\/strong><br \/>\nTurno tarde: <strong>de 13.20 a 17 hs.<\/strong><br \/>\nCelular: <strong>3517415565<\/strong><br \/>\nCorreo electr\u00f3nico:<\/p>\n<p style=\"text-align: center;\"><strong> nivelinicialpulgarcito2020@gmail.com<\/strong><\/p>\n<p style=\"text-align: center;\"><strong>jardinpulgarcito@institutonores.edu.ar<\/strong><\/p>\n","protected":false},"excerpt":{"rendered":"<p>En el nivel inicial funcionan 6 salas en cada turno (ma\u00f1ana y tarde) a las que asisten ni\u00f1os y ni\u00f1as de 3, 4 y 5 a\u00f1os. Las salas son muy amplias, con abundante iluminaci\u00f3n natural, calefacci\u00f3n central e instalaci\u00f3n sanitaria <a href=\"http:\/\/www.institutonores.edu.ar\/web\/nivel-inicial\/\" class=\"read-more\">Leer m\u00e1s &#8230;<\/a><\/p>\n","protected":false},"author":2,"featured_media":58,"parent":0,"menu_order":0,"comment_status":"closed","ping_status":"closed","template":"","meta":{"footnotes":""},"class_list":["post-15","page","type-page","status-publish","has-post-thumbnail","hentry"],"_links":{"self":[{"href":"http:\/\/www.institutonores.edu.ar\/web\/wp-json\/wp\/v2\/pages\/15","targetHints":{"allow":["GET"]}}],"collection":[{"href":"http:\/\/www.institutonores.edu.ar\/web\/wp-json\/wp\/v2\/pages"}],"about":[{"href":"http:\/\/www.institutonores.edu.ar\/web\/wp-json\/wp\/v2\/types\/page"}],"author":[{"embeddable":true,"href":"http:\/\/www.institutonores.edu.ar\/web\/wp-json\/wp\/v2\/users\/2"}],"replies":[{"embeddable":true,"href":"http:\/\/www.institutonores.edu.ar\/web\/wp-json\/wp\/v2\/comments?post=15"}],"version-history":[{"count":20,"href":"http:\/\/www.institutonores.edu.ar\/web\/wp-json\/wp\/v2\/pages\/15\/revisions"}],"predecessor-version":[{"id":8683,"href":"http:\/\/www.institutonores.edu.ar\/web\/wp-json\/wp\/v2\/pages\/15\/revisions\/8683"}],"wp:featuredmedia":[{"embeddable":true,"href":"http:\/\/www.institutonores.edu.ar\/web\/wp-json\/wp\/v2\/media\/58"}],"wp:attachment":[{"href":"http:\/\/www.institutonores.edu.ar\/web\/wp-json\/wp\/v2\/media?parent=15"}],"curies":[{"name":"wp","href":"https:\/\/api.w.org\/{rel}","templated":true}]}}