{"id":19,"date":"2016-11-03T11:13:50","date_gmt":"2016-11-03T14:13:50","guid":{"rendered":"https:\/\/institutonores.edu.ar\/web\/?page_id=19"},"modified":"2018-10-12T10:39:20","modified_gmt":"2018-10-12T13:39:20","slug":"institucional","status":"publish","type":"page","link":"http:\/\/www.institutonores.edu.ar\/web\/institucional\/","title":{"rendered":"INSTITUCIONAL"},"content":{"rendered":"<p>El Instituto Dr. Antonio Nores, abri\u00f3 sus puertas el primer d\u00eda\u00a0del a\u00f1o lectivo de 1960, en una casa prestada por la\u00a0Comunidad de las Hermanas Hijas del Divino Salvador, 250 ni\u00f1os\u00a0ocuparon las humildes aulas de la Escuela Primaria y una secci\u00f3n de primer a\u00f1o del secundario. La necesidad de facilitar el acceso a los varones a la escuela secundaria motiv\u00f3 que se abrieran dos cursos en el nivel nocturno.<\/p>\n<p>El 20 de Mayo del a\u00f1o anterior, Juan Ram\u00f3n Rossi, Omar Lencinas, Jorge Pereyra, Luis Grabrielli y Francisco Rinaldi, hab\u00edan creado la instituci\u00f3n que permiti\u00f3 el m\u00faltiple alumbramiento.<\/p>\n<p>A partir de su creaci\u00f3n, el Instituto fue alcanzando reconocimiento social, y en la medida en que crec\u00eda en alumnado, fue buscando nuevos espacios e infrasestructura, modificando de este modo sus edificios y ampliando la oferta de sus servicios educativos en respuesta a las nuevas demandas sociales.<\/p>\n<p>A los niveles primario y secundario nacidos con la instituci\u00f3n, se sum\u00f3 luego el Nivel Inicial (1964).<br \/>\nHoy, a los cincuenta a\u00f1os de la creaci\u00f3n de la Fundaci\u00f3n Dr. Antonio Nores, es un colegio cat\u00f3lico, de gesti\u00f3n privada, mixto, de jornada simple, con 1000 alumnos distribuidos en sus distintos niveles.<\/p>\n<p>El Instituto Secundario funciona en el edificio ubicado en el centro de Barrio Yofre Norte desde1962. Un subsuelo, construido con la idea de crear un establecimiento industrial, y una planta alta, en diversos niveles, permiten distribuir 12 aulas, gabinetes, servicios y \u00e1reas de administraci\u00f3n y direcci\u00f3n.<\/p>\n<p>El nivel inicial se mud\u00f3 en 1992 al campus de Barrio Santa Clara de As\u00eds, un predio de 3,5 hect\u00e1reas, adquirido en 1980 en el que funcionaba el campo de deportes. En 1998 el nivel primario se emplaz\u00f3 en el mismo lugar.<\/p>\n<p>Entre las calles Julio de Vedia y Celestino Vidal, se levantan\u00a0cuatro edificios principales. El correspondiente al nivel inicial de 700 m2, enclavado en un peque\u00f1o parque con juegos, el edificio del Colegio Primario, a\u00fan no conclu\u00eddo de 900 m2, recortan un campo deportivo que cuenta con ba\u00f1os, vestuarios, dep\u00f3sitos, una importante cantina escolar, canchas para la pr\u00e1ctica de f\u00fatbol, un play\u00f3n polideportivo y pileta de nataci\u00f3n.<\/p>\n<p>Tambi\u00e9n se ha construido, con salida para la calle Celestino Vidal, un Sal\u00f3n de Usos M\u00faltiples de 2.000 m2, que cuenta con un amplio espacio para la pr\u00e1ctica de deportes, una tribuna para 1.200 personas, y debajo de la misma, funciona un \u00e1rea de servicios (cocina, ba\u00f1os, oficinas, dep\u00f3sitos), y la Sala Ocre que permite la realizaci\u00f3n de actividades culturales, adem\u00e1s de constituir un espacio auxiliar para las clases de educaci\u00f3n f\u00edsica.<\/p>\n<p>El Instituto posee un predio de casi 4 hect\u00e1reas para realizar acantonamientos y campamentos en Estancia Vieja\u00b8 ubicado en la comuna del mismo nombre en el Departamento Punilla. Una a\u00f1osa arboleda es el marco, con el arroyito que la atraviesa y vierte sus aguas en el R\u00edo \u201cLos Chorrillos\u201d, para que los alumnos realicen actividades formativas en un ambiente natural de gran belleza.<\/p>\n<p>La propuesta pedag\u00f3gico-pastoral encuentra su fundamento en el magisterio de la Iglesia. Persigue la formaci\u00f3n integral de los educandos. Con ese designio, el \u201cesp\u00edritu de familia\u201d anima los procesos de ense\u00f1anza y aprendizaje y las relaciones interpersonales de los miembros de la comunidad educativa.<\/p>\n<p>De este modo es un\u00a0lugar de encuentro, participaci\u00f3n, colaboraci\u00f3n, y celebraci\u00f3n de\u00a0sus miembros, cada uno desde su propia vocaci\u00f3n, funci\u00f3n, o lugar, compartiendo, la misi\u00f3n educativo \u2013 evangelizadora de la Iglesia. Con la ayuda de la Parroquia de Nuestra de la Salette, se prepara a los ni\u00f1os de la escuela primaria para la primera comuni\u00f3n y del instituto secundario para que reciban el Sacramento de la Confirmaci\u00f3n. En forma regular tambi\u00e9n se brinda catequesis familiar.<\/p>\n<p>A lo largo de estos casi cincuenta a\u00f1os, el instituto ha concretado una variada oferta curricular y un proyecto pastoral, ofreciendo un servicio educativo de calidad, que aun siendo fiel a sus or\u00edgenes, ha procurado dar respuesta a las exigencias del tiempo actual. La excelencia es una de sus metas principales, por lo que la instituci\u00f3n promueve el perfeccionamiento y actualizaci\u00f3n permanente de sus docentes.<\/p>\n<p><iframe loading=\"lazy\" src=\"https:\/\/www.google.com\/maps\/d\/embed?mid=1LE0kqq4L3kwkE_DuAU4CbFgMAL8&amp;hl=es&amp;ll=-31.381367995801387%2C-64.13774637665176&amp;z=16\" width=\"780\" height=\"380\"><\/iframe><\/p>\n","protected":false},"excerpt":{"rendered":"<p>El Instituto Dr. Antonio Nores, abri\u00f3 sus puertas el primer d\u00eda\u00a0del a\u00f1o lectivo de 1960, en una casa prestada por la\u00a0Comunidad de las Hermanas Hijas del Divino Salvador, 250 ni\u00f1os\u00a0ocuparon las humildes aulas de la Escuela Primaria y una secci\u00f3n <a href=\"http:\/\/www.institutonores.edu.ar\/web\/institucional\/\" class=\"read-more\">Leer m\u00e1s &#8230;<\/a><\/p>\n","protected":false},"author":2,"featured_media":426,"parent":0,"menu_order":0,"comment_status":"closed","ping_status":"closed","template":"","meta":{"footnotes":""},"class_list":["post-19","page","type-page","status-publish","has-post-thumbnail","hentry"],"_links":{"self":[{"href":"http:\/\/www.institutonores.edu.ar\/web\/wp-json\/wp\/v2\/pages\/19","targetHints":{"allow":["GET"]}}],"collection":[{"href":"http:\/\/www.institutonores.edu.ar\/web\/wp-json\/wp\/v2\/pages"}],"about":[{"href":"http:\/\/www.institutonores.edu.ar\/web\/wp-json\/wp\/v2\/types\/page"}],"author":[{"embeddable":true,"href":"http:\/\/www.institutonores.edu.ar\/web\/wp-json\/wp\/v2\/users\/2"}],"replies":[{"embeddable":true,"href":"http:\/\/www.institutonores.edu.ar\/web\/wp-json\/wp\/v2\/comments?post=19"}],"version-history":[{"count":4,"href":"http:\/\/www.institutonores.edu.ar\/web\/wp-json\/wp\/v2\/pages\/19\/revisions"}],"predecessor-version":[{"id":238,"href":"http:\/\/www.institutonores.edu.ar\/web\/wp-json\/wp\/v2\/pages\/19\/revisions\/238"}],"wp:featuredmedia":[{"embeddable":true,"href":"http:\/\/www.institutonores.edu.ar\/web\/wp-json\/wp\/v2\/media\/426"}],"wp:attachment":[{"href":"http:\/\/www.institutonores.edu.ar\/web\/wp-json\/wp\/v2\/media?parent=19"}],"curies":[{"name":"wp","href":"https:\/\/api.w.org\/{rel}","templated":true}]}}