{"id":239,"date":"2016-11-28T11:45:47","date_gmt":"2016-11-28T14:45:47","guid":{"rendered":"http:\/\/www.institutonores.edu.ar\/web\/?page_id=239"},"modified":"2024-02-27T12:09:08","modified_gmt":"2024-02-27T15:09:08","slug":"primario","status":"publish","type":"page","link":"http:\/\/www.institutonores.edu.ar\/web\/primario\/","title":{"rendered":"PRIMARIO"},"content":{"rendered":"<p style=\"text-align: left;\">Somos un colegio joven con una larga trayectoria en logros. Ofrecemos una educaci\u00f3n integral, avalada por personal id\u00f3neo encargado de llevar a cabo los\u00a0 proyectos educativos.<\/p>\n<p><strong>CONTAMOS CON:<\/strong><br \/>\nBibliotecas \u00e1ulicas y del colegio. &#8211; Gabinete Psicopedag\u00f3gico. &#8211; Sala de computaci\u00f3n y de Pl\u00e1stica. &#8211; Ingl\u00e9s y Catequesis: convivencias. &#8211; Laboratorio e Invernadero para el desarrollo de las Ciencias Naturales. &#8211; Revista del Colegio trabajada por los alumnos. &#8211; Feria del Libro del Colegio: Club de Madres Narradoras, visitas de profesionales e invitados especiales como narradores, escritores, periodistas, obras de teatro y titiriteros. &#8211; Coro de alumnos y de Padres.<\/p>\n<p>La vida al aire libre es otro de los pilares que promovemos en la Instituci\u00f3n, por eso implementamos:\u00a0Proyecto Deportivo en el Campo del colegio con pr\u00e1cticas de basquetbol, f\u00fatbol, gimnasia formativa, hockey y voleibol &#8211; Escuela de hockey &#8211; Pre\u2013 Lifi y Lifi &#8211;\u00a0Predio en Estancia Vieja (Carlos Paz) para el desarrollo de campamentos \u2013 Acantonamientos en una Colonia en Villa Anim\u00ed.<\/p>\n<p>Funciona en ambos turnos, con seis secciones \u201cA\u201d por la ma\u00f1ana\u00a0 y seis secciones \u201cB\u201d por la tarde.<br \/>\n<strong>Turno ma\u00f1ana<\/strong> (de 8:00 a 12:20 hs)<br \/>\n<strong>Turno tarde<\/strong> (de 13:30 a 17:50 hs)<\/p>\n<p><strong>PROYECTO DEPORTIVO<\/strong><br \/>\nFuncionan con prolongaci\u00f3n de jornada.<br \/>\n<strong>Lunes a jueves<\/strong> (de 12:20 &#8211; 13:20 hs)<\/p>\n<p><strong>ENSAYOS DEL CORO DE ALUMNOS<\/strong><br \/>\nSe realizan:<strong> Mi\u00e9rcoles<\/strong> (de 12:20 a 13:30 hs)<\/p>\n<p><strong>ENSAYOS DEL CORO DE PADRES<\/strong><br \/>\nSe realizan:<strong> Jueves<\/strong> (de 20:00 a 21:30 hs)<\/p>\n<p>&nbsp;<\/p>\n<p>&nbsp;<\/p>\n<p style=\"text-align: center;\"><strong>Julio de Vedia N\u00ba 2355 B\u00ba Santa Clara de As\u00eds.<\/strong><br \/>\nNivel Primario: Celular: <strong>3517382021<\/strong><br \/>\nE-mail: <strong>nivelprimario@institutonores.edu.ar<\/strong><br \/>\n<strong> direccionprimaria@institutonores.edu.ar<\/strong><br \/>\n<strong> secretariaprimaria@institutonores.edu.ar<\/strong><\/p>\n<p>&nbsp;<\/p>\n","protected":false},"excerpt":{"rendered":"<p>Somos un colegio joven con una larga trayectoria en logros. Ofrecemos una educaci\u00f3n integral, avalada por personal id\u00f3neo encargado de llevar a cabo los\u00a0 proyectos educativos. CONTAMOS CON: Bibliotecas \u00e1ulicas y del colegio. &#8211; Gabinete Psicopedag\u00f3gico. &#8211; Sala de computaci\u00f3n <a href=\"http:\/\/www.institutonores.edu.ar\/web\/primario\/\" class=\"read-more\">Leer m\u00e1s &#8230;<\/a><\/p>\n","protected":false},"author":1,"featured_media":74,"parent":0,"menu_order":0,"comment_status":"closed","ping_status":"closed","template":"","meta":{"footnotes":""},"class_list":["post-239","page","type-page","status-publish","has-post-thumbnail","hentry"],"_links":{"self":[{"href":"http:\/\/www.institutonores.edu.ar\/web\/wp-json\/wp\/v2\/pages\/239","targetHints":{"allow":["GET"]}}],"collection":[{"href":"http:\/\/www.institutonores.edu.ar\/web\/wp-json\/wp\/v2\/pages"}],"about":[{"href":"http:\/\/www.institutonores.edu.ar\/web\/wp-json\/wp\/v2\/types\/page"}],"author":[{"embeddable":true,"href":"http:\/\/www.institutonores.edu.ar\/web\/wp-json\/wp\/v2\/users\/1"}],"replies":[{"embeddable":true,"href":"http:\/\/www.institutonores.edu.ar\/web\/wp-json\/wp\/v2\/comments?post=239"}],"version-history":[{"count":10,"href":"http:\/\/www.institutonores.edu.ar\/web\/wp-json\/wp\/v2\/pages\/239\/revisions"}],"predecessor-version":[{"id":7964,"href":"http:\/\/www.institutonores.edu.ar\/web\/wp-json\/wp\/v2\/pages\/239\/revisions\/7964"}],"wp:featuredmedia":[{"embeddable":true,"href":"http:\/\/www.institutonores.edu.ar\/web\/wp-json\/wp\/v2\/media\/74"}],"wp:attachment":[{"href":"http:\/\/www.institutonores.edu.ar\/web\/wp-json\/wp\/v2\/media?parent=239"}],"curies":[{"name":"wp","href":"https:\/\/api.w.org\/{rel}","templated":true}]}}