{"id":246,"date":"2016-11-28T11:53:46","date_gmt":"2016-11-28T14:53:46","guid":{"rendered":"http:\/\/www.institutonores.edu.ar\/web\/?page_id=246"},"modified":"2024-02-27T12:11:22","modified_gmt":"2024-02-27T15:11:22","slug":"secundario","status":"publish","type":"page","link":"http:\/\/www.institutonores.edu.ar\/web\/secundario\/","title":{"rendered":"SECUNDARIO"},"content":{"rendered":"<p style=\"text-align: justify;\"><strong>HISTORIA<\/strong><br \/>\nEl Instituto Dr. Antonio Nores nace en 1959 con el objetivo de brindar una formaci\u00f3n cultural con principios cristianos a los ni\u00f1os y j\u00f3venes de la zona. A partir de 1960, comienza a funcionar en dos turnos con la especialidad comercial y de bachillerato. Su primer Rector fue el Licenciado Francisco Rinaldi.<\/p>\n<p style=\"text-align: justify;\">M\u00e1s adelante, el colegio se transforma \u00fanicamente en diurno y con orientaci\u00f3n perito mercantil hasta 1999. Desde entonces, sus alumnos egresan con el t\u00edtulo de Bachiller en Econom\u00eda y Gesti\u00f3n de las Organizaciones orientado en Gesti\u00f3n Administrativa.<\/p>\n<p style=\"text-align: justify;\">Desde 1962 y hasta 1996, fue Rector del establecimiento el Sr. Profesor Joaqu\u00edn Garc\u00eda. Durante su gesti\u00f3n, en 1978, el colegio se instituy\u00f3 como mixto. Desde 1996, se hizo cargo de la Direcci\u00f3n la Profesora Susana Oliva de Napolitano, hasta el a\u00f1o 2006 en el que asume ese cargo la Profesora Viviana del Valle Marcuzzi.<\/p>\n<p style=\"text-align: justify;\">Desde comienzo de 2007, existe el cargo de Vicedirecci\u00f3n y lo ejerce la Profesora Liliana Dur\u00e1n de Perlo.<\/p>\n<p><strong>IDEARIO<\/strong><\/p>\n<p>\u201cEducar evangelizando y evangelizar educando\u201d<\/p>\n<p>En virtud de este eje central, aspiramos a que nuestros egresados:<\/p>\n<ul>\n<li>Permanezcan fieles a los valores absolutos.<\/li>\n<li>Consagren su vida a la b\u00fasqueda de la verdad y a su entrega generosa.<\/li>\n<li>Ejerzan su misi\u00f3n con dignidad y respeto.<\/li>\n<\/ul>\n<p>&nbsp;<\/p>\n<p><strong>FINALIDADES EDUCATIVAS<\/strong><\/p>\n<p>El Instituto Dr. Antonio Nores tiende a la formaci\u00f3n integral del educando que supone:<\/p>\n<p style=\"text-align: justify;\">-La formaci\u00f3n arm\u00f3nica y jerarquizada de todas las dimensiones perfectibles del hombre, de modo que pueda lograr los bienes naturales y trascendentes, personales y comunes que lo perfeccionen como tal.<\/p>\n<p style=\"text-align: justify;\">-La capacitaci\u00f3n de la naturaleza humana para la conquista de tales bienes y, por lo tanto, el desarrollo de su dimensi\u00f3n f\u00edsica, est\u00e9tica, intelectual, moral y religiosa de acuerdo con una jerarqu\u00eda en orden creciente de valores.<\/p>\n<p>&nbsp;<\/p>\n<p><strong>OBJETIVOS<\/strong><\/p>\n<p>Nuestros objetivos generales son:<\/p>\n<p style=\"text-align: justify;\">Satisfacer las necesidades del adolescente, guiarlo hacia la madurez de su propio periodo evolutivo, provey\u00e9ndole una formaci\u00f3n en la que se integren la fundamentaci\u00f3n filos\u00f3fica y religiosa, el contenido cient\u00edfico y art\u00edstico, una eficiente preparaci\u00f3n t\u00e9cnica profesional y un desarrollo arm\u00f3nico de sus necesidades y\u00a0potencias vitales.<\/p>\n<p style=\"text-align: justify;\">Orientar al joven con una concepci\u00f3n clara y definida del hombre, de su realizaci\u00f3n como persona humana y de su destino trascendente.<\/p>\n<p style=\"text-align: justify;\">Desarrollar la inteligencia cr\u00edtica y creadora, para pensar racionalmente, expresar con claridad su pensamiento, leer y escuchar provechosamente.<\/p>\n<p style=\"text-align: justify;\">Rescatar la valoraci\u00f3n del trabajo como un medio de dignificaci\u00f3n individual y social.<\/p>\n<p style=\"text-align: justify;\">Crear y desarrollar aptitudes que le permitan al adolescente, actuar en la sociedad con un aut\u00e9ntico sentido comunitario.<\/p>\n<p>En cuanto a los estudios comerciales, buscamos:<\/p>\n<ul>\n<li>Capacitar al adolescente en el campo mercantil y darle acceso a los estudios superiores.<\/li>\n<li>Proveer una s\u00f3lida formaci\u00f3n t\u00e9cnica, sin descuidar la formaci\u00f3n human\u00edstica, valorando la conducta \u00e9tica.<\/li>\n<li>Estimular y favorecer la formaci\u00f3n de los j\u00f3venes que revelen aptitudes de \u201cdirigentes de empresas\u201d.<\/li>\n<li>Estimular la autonom\u00eda para plantear y encaminar sus proyectos.<\/li>\n<\/ul>\n<p>&nbsp;<\/p>\n<p><strong>PERFIL DEL EGRESADO<\/strong><\/p>\n<p style=\"text-align: justify;\">El Instituto Dr. Antonio Nores brinda aportes para que la familia encuentre un espacio de formaci\u00f3n integral que complemente la educaci\u00f3n general b\u00e1sica familiar. Proporcionamos a los adolescentes y j\u00f3venes estudiantes conocimientos, habilidades y actitudes que:<\/p>\n<p style=\"text-align: justify;\">Permitan un desarrollo personal y social en permanente evoluci\u00f3n, con un fuerte aprecio por las virtudes humanistas y cristianas y una clara conciencia de sus deberes y responsabilidades ciudadanas.<\/p>\n<p style=\"text-align: justify;\">Habiliten para los diversos estudios superiores, el trabajo calificado, las funciones directivas, los emprendimientos productivos y un apetito singular por la educaci\u00f3n permanente como herramienta liberadora en lo personal y social.<\/p>\n<p style=\"text-align: justify;\">Generen h\u00e1bitos de estudios apreciables en la continuidad en niveles educativos superiores.<\/p>\n<p style=\"text-align: justify;\">El perfil t\u00e9cnico del egresado puede caracterizarse como el de un recurso humano con competencias y actitudes que permitan:<\/p>\n<ul>\n<li>Incorporarse en \u00e1reas de responsabilidad en las organizaciones.<\/li>\n<\/ul>\n<ul>\n<li>Ser capaz de interpretar informaci\u00f3n para la selecci\u00f3n de alternativas y la optimizaci\u00f3n de recursos en la toma de decisiones.<\/li>\n<\/ul>\n<p>&nbsp;<\/p>\n<p><strong><u>UNIFORME Y PRESENTACI\u00d3N<\/u><\/strong><\/p>\n<p>&nbsp;<\/p>\n<p><strong><u>1- UNIFORME PARA EL CURSADO DE CLASES<\/u><\/strong><\/p>\n<ul>\n<li>Varones: Pantal\u00f3n gris con corte recto. Medias oscuras \u00be. <strong>(no se permiten las medias \u201cinvisibles\u201d).<\/strong><\/li>\n<li>Mujeres: Pollera pantal\u00f3n gris de sarga o franela hasta 6 cm por arriba de la rodilla.<\/li>\n<li>Medias azules \u00be.<strong>(no se permiten las medias \u201cinvisibles\u201d).<\/strong><\/li>\n<li>Zapatos o zapatillas negras (sin decoraciones ni detalles en otros colores, aunque sean el logo de la marca).<\/li>\n<li>Chomba gris de la Instituci\u00f3n con el escudo y detalles correspondientes.<\/li>\n<\/ul>\n<p>&nbsp;<\/p>\n<p><strong>En \u00e9poca invernal o de baja temperatura:<\/strong><\/p>\n<ul>\n<li>Pullover azul escote en V.<\/li>\n<li>Campera de polar azul con escudo del colegio.<\/li>\n<li>De ser necesario abrigos complementarios al uniforme podr\u00e1n ser de color azul o negro <strong>lisos sin inscripciones ni estampas<\/strong> <strong>y sin capucha.<\/strong><\/li>\n<\/ul>\n<p>&nbsp;<\/p>\n<p><strong>En \u00e9poca estival o de altas temperaturas:<\/strong><\/p>\n<ul>\n<li><strong>\u00a0<\/strong>Bermuda de algod\u00f3n azul liso, corte recto (la misma que para Educaci\u00f3n F\u00edsica).<\/li>\n<li><strong>No se pueden usar calzas de ning\u00fan tipo ni shorts cortos.<\/strong><\/li>\n<\/ul>\n<p>&nbsp;<\/p>\n<p><strong><u>2- UNIFORME DE EDUCACI\u00d3N F\u00cdSICA<\/u><\/strong><\/p>\n<ul>\n<li>Pantal\u00f3n azul tipo jogging o bermuda de algod\u00f3n azul, corte recto. <strong>No se pueden usar calzas de ning\u00fan tipo ni shorts cortos.<\/strong><\/li>\n<li>Remera blanca con escudo del colegio.<\/li>\n<li>Buzo azul.<\/li>\n<li>Medias blancas (no se permiten las medias \u201cinvisibles\u201d).<\/li>\n<li>Zapatillas blancas o negras.<\/li>\n<\/ul>\n<p>&nbsp;<\/p>\n<p><strong>3- <u>CONSIDERACIONES ESPECIALES<\/u><\/strong><\/p>\n<ul>\n<li>Si tiene cabello largo traerlo limpio, recogido y prolijo.<\/li>\n<li>Se permiten los cabellos te\u00f1idos con colores naturales (rubio, casta\u00f1o, pelirrojo o negro).<\/li>\n<li>En el caso de usar piercing solo se permitir\u00e1n de tama\u00f1o discreto y ubicados en el l\u00f3bulo de la oreja. No se permiten piercing que cuelguen de l\u00f3bulo de la oreja por seguridad. <strong>Recomendamos dialogar la decisi\u00f3n de realizarse un piercing o tatuajes en familia a fin de consensuar las acciones a realizar.<\/strong><\/li>\n<li>Se permite uso de maquillaje natural<\/li>\n<\/ul>\n<p>&nbsp;<\/p>\n<p><strong><u>4- NO EST\u00c1 PERMITIDO<\/u><\/strong><\/p>\n<ul>\n<li>Cabellos te\u00f1idos con colores fuertes, fl\u00faor, fantas\u00eda u otros como azules, verdes, rojos, fucsia, etc.<\/li>\n<li>Maquillajes en exceso, social o de noche.<\/li>\n<li>El uso de expansores de cualquier tipo en el rostro, ni septum en nariz, ni piercing en lengua, nariz y cejas.<\/li>\n<li>El uso de piercing y aros en las clases de Educaci\u00f3n F\u00edsica por cuestiones de seguridad.<\/li>\n<li>El uso de medias tipo \u201cinvisibles\u201d.<\/li>\n<\/ul>\n<p>&nbsp;<\/p>\n<p><strong>4- <u>INCUMPLIMIENTO DEL UNIFORME<\/u><\/strong><\/p>\n<p>Cualquier incumplimiento del uniforme ser\u00e1 susceptible de sanciones disciplinarias. Si por razones de fuerza mayor y de manera excepcional el estudiante no pudiera cumplir con el uniforme completo deber\u00e1 traer una nota firmada por sus padres y dirigida a la Direcci\u00f3n que aclare los motivos del incumplimiento y la duraci\u00f3n del mismo.<\/p>\n<p>&nbsp;<\/p>\n<p style=\"text-align: center;\"><strong>JULIO DE VEDIA 2351 B\u00ba SANTA CLARA DE ASIS<\/strong><br \/>\n<strong>Horario de Celadur\u00eda:\u00a0<\/strong>Lunes a Viernes: 8:00hs a 12:00hs.<br \/>\n<strong>Horario de Secretar\u00eda:\u00a0<\/strong>Lunes, Martes y Jueves de 8:30hs a 12:30hs<br \/>\nCelular Preceptoria 2do piso: <strong>3516352570<\/strong><br \/>\nCelular Preceptoria CB: <strong>3516352785<\/strong><br \/>\nE-mail: <strong>nivelmedio@institutonores.edu.ar<\/strong><\/p>\n<p>&nbsp;<\/p>\n","protected":false},"excerpt":{"rendered":"<p>HISTORIA El Instituto Dr. Antonio Nores nace en 1959 con el objetivo de brindar una formaci\u00f3n cultural con principios cristianos a los ni\u00f1os y j\u00f3venes de la zona. A partir de 1960, comienza a funcionar en dos turnos con la <a href=\"http:\/\/www.institutonores.edu.ar\/web\/secundario\/\" class=\"read-more\">Leer m\u00e1s &#8230;<\/a><\/p>\n","protected":false},"author":1,"featured_media":6261,"parent":0,"menu_order":0,"comment_status":"closed","ping_status":"closed","template":"","meta":{"footnotes":""},"class_list":["post-246","page","type-page","status-publish","has-post-thumbnail","hentry"],"_links":{"self":[{"href":"http:\/\/www.institutonores.edu.ar\/web\/wp-json\/wp\/v2\/pages\/246","targetHints":{"allow":["GET"]}}],"collection":[{"href":"http:\/\/www.institutonores.edu.ar\/web\/wp-json\/wp\/v2\/pages"}],"about":[{"href":"http:\/\/www.institutonores.edu.ar\/web\/wp-json\/wp\/v2\/types\/page"}],"author":[{"embeddable":true,"href":"http:\/\/www.institutonores.edu.ar\/web\/wp-json\/wp\/v2\/users\/1"}],"replies":[{"embeddable":true,"href":"http:\/\/www.institutonores.edu.ar\/web\/wp-json\/wp\/v2\/comments?post=246"}],"version-history":[{"count":14,"href":"http:\/\/www.institutonores.edu.ar\/web\/wp-json\/wp\/v2\/pages\/246\/revisions"}],"predecessor-version":[{"id":7965,"href":"http:\/\/www.institutonores.edu.ar\/web\/wp-json\/wp\/v2\/pages\/246\/revisions\/7965"}],"wp:featuredmedia":[{"embeddable":true,"href":"http:\/\/www.institutonores.edu.ar\/web\/wp-json\/wp\/v2\/media\/6261"}],"wp:attachment":[{"href":"http:\/\/www.institutonores.edu.ar\/web\/wp-json\/wp\/v2\/media?parent=246"}],"curies":[{"name":"wp","href":"https:\/\/api.w.org\/{rel}","templated":true}]}}