{"id":253,"date":"2016-11-28T12:00:57","date_gmt":"2016-11-28T15:00:57","guid":{"rendered":"http:\/\/www.institutonores.edu.ar\/web\/?page_id=253"},"modified":"2016-11-28T12:10:49","modified_gmt":"2016-11-28T15:10:49","slug":"proyectos-institucionales","status":"publish","type":"page","link":"http:\/\/www.institutonores.edu.ar\/web\/proyectos-institucionales\/","title":{"rendered":"PROYECTOS INSTITUCIONALES"},"content":{"rendered":"<ul>\n<li style=\"text-align: justify;\">Siguiendo a un autor\u00a0 2009\u2026 Conocemos a Laura Devetach.<\/li>\n<li style=\"text-align: justify;\">Museo participativo desde el \u00e1rea de Ciencias Naturales.<\/li>\n<li style=\"text-align: justify;\">Olimp\u00edadas Matem\u00e1ticas: los alumnos y padres comparten un momento de trabajo para resolver situaciones que involucren el trabajo con los n\u00fameros, las operaciones y el espacio.<\/li>\n<li style=\"text-align: justify;\">Acantonamientos de 1\u00ba y 2\u00ba grado y Campamentos de 3\u00ba a 6\u00ba grado: se busca en el ni\u00f1o el descubrimiento y valoraci\u00f3n de s\u00ed mismo, de los dem\u00e1s y del lugar, el reconocimiento de la importancia de nuestra presencia y nuestro rol para la comunidad, de nuestra responsabilidad como criaturas dentro del universo.<\/li>\n<li style=\"text-align: justify;\">Feria del Libro Institucional.<\/li>\n<li style=\"text-align: justify;\">Revista \u201cCaminando Juntos\u201d. Se publican producciones de los alumnos de nivel Inicial y Primario, escritos en situaciones reales, para lectores reales.<\/li>\n<li style=\"text-align: justify;\">Festival \u201cEvocando nuestras ra\u00edces\u201d. En el proyecto de m\u00fasica folcl\u00f3rica, los ni\u00f1os exploran su m\u00fasica, coreograf\u00eda, origen, historia, ubicaci\u00f3n geogr\u00e1fica de las danzas. Culminan mostrando sus logros en este festival.<\/li>\n<\/ul>\n","protected":false},"excerpt":{"rendered":"<p>Siguiendo a un autor\u00a0 2009\u2026 Conocemos a Laura Devetach. Museo participativo desde el \u00e1rea de Ciencias Naturales. Olimp\u00edadas Matem\u00e1ticas: los alumnos y padres comparten un momento de trabajo para resolver situaciones que involucren el trabajo con los n\u00fameros, las operaciones <a href=\"http:\/\/www.institutonores.edu.ar\/web\/proyectos-institucionales\/\" class=\"read-more\">Leer m\u00e1s &#8230;<\/a><\/p>\n","protected":false},"author":1,"featured_media":0,"parent":0,"menu_order":0,"comment_status":"closed","ping_status":"closed","template":"","meta":{"footnotes":""},"class_list":["post-253","page","type-page","status-publish","hentry"],"_links":{"self":[{"href":"http:\/\/www.institutonores.edu.ar\/web\/wp-json\/wp\/v2\/pages\/253","targetHints":{"allow":["GET"]}}],"collection":[{"href":"http:\/\/www.institutonores.edu.ar\/web\/wp-json\/wp\/v2\/pages"}],"about":[{"href":"http:\/\/www.institutonores.edu.ar\/web\/wp-json\/wp\/v2\/types\/page"}],"author":[{"embeddable":true,"href":"http:\/\/www.institutonores.edu.ar\/web\/wp-json\/wp\/v2\/users\/1"}],"replies":[{"embeddable":true,"href":"http:\/\/www.institutonores.edu.ar\/web\/wp-json\/wp\/v2\/comments?post=253"}],"version-history":[{"count":2,"href":"http:\/\/www.institutonores.edu.ar\/web\/wp-json\/wp\/v2\/pages\/253\/revisions"}],"predecessor-version":[{"id":258,"href":"http:\/\/www.institutonores.edu.ar\/web\/wp-json\/wp\/v2\/pages\/253\/revisions\/258"}],"wp:attachment":[{"href":"http:\/\/www.institutonores.edu.ar\/web\/wp-json\/wp\/v2\/media?parent=253"}],"curies":[{"name":"wp","href":"https:\/\/api.w.org\/{rel}","templated":true}]}}