{"id":288,"date":"2016-11-28T12:58:11","date_gmt":"2016-11-28T15:58:11","guid":{"rendered":"http:\/\/www.institutonores.edu.ar\/web\/?page_id=288"},"modified":"2016-11-28T12:59:21","modified_gmt":"2016-11-28T15:59:21","slug":"propuesta-educativa","status":"publish","type":"page","link":"http:\/\/www.institutonores.edu.ar\/web\/propuesta-educativa\/","title":{"rendered":"Propuesta Educativa"},"content":{"rendered":"<p><strong>Salidas:<\/strong><\/p>\n<ul>\n<li>Cerro Colorado<\/li>\n<li>Ischil\u00edn<\/li>\n<li>Estancia Jesu\u00edtica La Candelaria<\/li>\n<li>Puerto Madryn<\/li>\n<li>Estancia Jesu\u00edtica de Alta Gracia, casa del Virrey, casa del Che Guevara, Museo Manuel de Falla, caminata interpretativa<\/li>\n<li>Museo de Ciencias Naturales<\/li>\n<li>Diferentes empresas<\/li>\n<\/ul>\n<p><strong>Charlas:<\/strong><\/p>\n<p>Seminarios sobre Puerto Madryn \u2013 3\u00ba a\u00f1o A y B<\/p>\n<p>Charla sobre adicciones.<\/p>\n<p>Orientaci\u00f3n Vocacional para los alumnos de 6to. A\u00f1o:<\/p>\n<p>&#8211; Charla con profesionales, ex alumnos del Instituto<\/p>\n<p>&#8211; Charla con La Metro \u2013 6\u00ba a\u00f1o A y B<\/p>\n<p>&#8211; Charlas informativas de las diferentes Escuelas y\/o Facultades de la UNC<\/p>\n<p>&nbsp;<\/p>\n<p><strong>Obras de Teatro:<\/strong><\/p>\n<p>Los alumnos presencian obras en Teatros.<\/p>\n<p>Obras de teatro en el colegio.<\/p>\n<p>&nbsp;<\/p>\n<p><strong>Proyectos:<\/strong><\/p>\n<p>Convivencias<\/p>\n<p>Articulaci\u00f3n entre 6\u00ba grado y primer a\u00f1o.<\/p>\n<p>T\u00e9cnicas de Estudio- CBU<\/p>\n<p>Agenda Escolar<\/p>\n<p>Semana de la Cultura<\/p>\n<p>Visita a Puerto Madryn<\/p>\n<p>Microemprendimientos.<\/p>\n<p>ExpoNores<\/p>\n<p>Fiesta de la Familia<\/p>\n<p>Centro de Estudiantes.<\/p>\n<p>\u201cSacramento de la Confirmaci\u00f3n\u201d, junto con la Parroquia Ntra. Sra. De la Salette<\/p>\n<p>&nbsp;<\/p>\n<p><strong>Actividades Extracurriculares:<\/strong><\/p>\n<p>LIFUS<\/p>\n<p>Campeonato del PIO X<\/p>\n<hr \/>\n<p>GABINETE DE INFORM\u00c1TICA<\/p>\n<p>Para responder a las exigencias de la sociedad actual, Inform\u00e1tica es una materia propia de la curr\u00edcula con car\u00e1cter transversal, es decir que se encuentra integrada al resto de las materias.<\/p>\n<p>Nuestra sala cuenta con 25 computadoras con acceso a Internet, actualizadas con las \u00faltimas versiones de los programas m\u00e1s utilizados. Los egresados tienen un muy buen manejo del paquete Office (Word, Excel, PowerPoint y Access), Windows\u00a0 e Internet.<\/p>\n<p>Los alumnos adquieren, en su formaci\u00f3n, los fundamentos te\u00f3ricos de las aplicaciones y utilitarios vigentes, destrezas en el manejo de los mismos y una actitud cr\u00edtica y responsable ante el uso de las tecnolog\u00edas inform\u00e1ticas.<\/p>\n<p>&nbsp;<\/p>\n<p>GABINETE PSICOPEDAG\u00d3GICO<\/p>\n<p>El Departamento de Orientaci\u00f3n Pedag\u00f3gico trabaja, en el nivel medio, en prevenci\u00f3n, diagn\u00f3stico y asistencia, a trav\u00e9s de:<\/p>\n<ul>\n<li>Proyecto de convivencias.<\/li>\n<li>Proyecto de t\u00e9cnicas de estudio.<\/li>\n<li>Participaci\u00f3n en reuniones de padres.<\/li>\n<li>Asistencia de manera individual a la demanda espont\u00e1nea de los alumnos, directivos, docentes, celadores y padres de los j\u00f3venes, cubriendo no s\u00f3lo necesidades acad\u00e9micas sino de relaciones, evolutivas, conflictos familiares, vinculares, etc.<\/li>\n<li>Proyecto de articulaci\u00f3n primario-secundario y jornadas de iniciaci\u00f3n al secundario.<\/li>\n<li>Proyecto de Orientaci\u00f3n Vocacional con los j\u00f3venes de sexto a\u00f1o..<\/li>\n<li>Coordinaci\u00f3n de Talleres Docentes Institucionales.<\/li>\n<\/ul>\n<p>&nbsp;<\/p>\n<p>BIBLIOTECA<\/p>\n<p>La biblioteca Hugo Wast comienza a formarse en 1963 y se inaugura el 29 de marzo de 1965 con un total de 900 libros. En la actualidad, cuenta con m\u00e1s de 5000 libros (manuales, enciclopedias, diccionarios y de lectura recreativa) y con recursos multimedia, como videos, DVD y casetes.<\/p>\n<p>Hoy, no s\u00f3lo es la biblioteca escolar, sino que se transform\u00f3 en un centro multimedial, que pone los recursos documentales al servicio de la Comunidad Educativa. Se utiliza como sala de video equipada con TV, videocasetera, reproductor de DVD, un proyector de multimedia y una computadora con acceso a Internet.<\/p>\n<p>Nuestros alumnos pueden consultar el material en biblioteca o llevarlo a su casa. Quienes ingresan a primer a\u00f1o tienen una charla de formaci\u00f3n para usuarios de nuestra o cualquier otra biblioteca. Como cierre de esta charla se realiza una visita a la Biblioteca Mayor de la UNC.<\/p>\n<p>Horario: de 7:30 a 12:30 hs. de lunes a viernes.<\/p>\n","protected":false},"excerpt":{"rendered":"<p>Salidas: Cerro Colorado Ischil\u00edn Estancia Jesu\u00edtica La Candelaria Puerto Madryn Estancia Jesu\u00edtica de Alta Gracia, casa del Virrey, casa del Che Guevara, Museo Manuel de Falla, caminata interpretativa Museo de Ciencias Naturales Diferentes empresas Charlas: Seminarios sobre Puerto Madryn \u2013 <a href=\"http:\/\/www.institutonores.edu.ar\/web\/propuesta-educativa\/\" class=\"read-more\">Leer m\u00e1s &#8230;<\/a><\/p>\n","protected":false},"author":1,"featured_media":0,"parent":0,"menu_order":0,"comment_status":"closed","ping_status":"closed","template":"","meta":{"footnotes":""},"class_list":["post-288","page","type-page","status-publish","hentry"],"_links":{"self":[{"href":"http:\/\/www.institutonores.edu.ar\/web\/wp-json\/wp\/v2\/pages\/288","targetHints":{"allow":["GET"]}}],"collection":[{"href":"http:\/\/www.institutonores.edu.ar\/web\/wp-json\/wp\/v2\/pages"}],"about":[{"href":"http:\/\/www.institutonores.edu.ar\/web\/wp-json\/wp\/v2\/types\/page"}],"author":[{"embeddable":true,"href":"http:\/\/www.institutonores.edu.ar\/web\/wp-json\/wp\/v2\/users\/1"}],"replies":[{"embeddable":true,"href":"http:\/\/www.institutonores.edu.ar\/web\/wp-json\/wp\/v2\/comments?post=288"}],"version-history":[{"count":2,"href":"http:\/\/www.institutonores.edu.ar\/web\/wp-json\/wp\/v2\/pages\/288\/revisions"}],"predecessor-version":[{"id":290,"href":"http:\/\/www.institutonores.edu.ar\/web\/wp-json\/wp\/v2\/pages\/288\/revisions\/290"}],"wp:attachment":[{"href":"http:\/\/www.institutonores.edu.ar\/web\/wp-json\/wp\/v2\/media?parent=288"}],"curies":[{"name":"wp","href":"https:\/\/api.w.org\/{rel}","templated":true}]}}