{"id":293,"date":"2016-11-28T13:05:31","date_gmt":"2016-11-28T16:05:31","guid":{"rendered":"http:\/\/www.institutonores.edu.ar\/web\/?page_id=293"},"modified":"2025-03-31T13:16:10","modified_gmt":"2025-03-31T16:16:10","slug":"cuerpo-docente","status":"publish","type":"page","link":"http:\/\/www.institutonores.edu.ar\/web\/cuerpo-docente\/","title":{"rendered":"Cuerpo Docente"},"content":{"rendered":"<p><b><\/b><strong>Representante legal: \u00a0<\/strong>Prof. Mar\u00eda Rossi de Mancini<\/p>\n<p><strong>Director: <\/strong>Lic. Ignacio E. Barani<\/p>\n<p><strong>Vicedirectora: <\/strong>Prof. Pamela J. Sanchez<\/p>\n<p><strong>Secretario:\u00a0 <\/strong>Prof. Dar\u00edo Maximiliano Salas<\/p>\n<table width=\"656\">\n<tbody>\n<tr>\n<td colspan=\"3\" width=\"656\">\n<p style=\"text-align: center;\"><strong>PROFESORES<\/strong><\/p>\n<\/td>\n<\/tr>\n<tr>\n<td width=\"222\">ACOSTA VILLAFA\u00d1E, MAXIMILIANOALAMINO, EVELINAALARC\u00d3N, DANIEL*ALBERONI, ANTONELLAARG\u00dcELLO, JESSICABARANI, IGNACIOBERRUEZO, SILVIABONAUDI, GABRIELABOSCO, VANESABUSCEME, ROSSANA*C\u00c1CERES, ELIZABETH*CALCATERRA, NORA*CARBONE, C\u00c9SAR*CHIALVA, LORENA*CICAR\u00c9, CYNTHIA*CONRAD, KARINA*CUESTA, LEANDRO*DIAZ, DIEGOECHEVARR\u00cdA, CLAUDIA*<\/td>\n<td width=\"222\">FAKIANI, ROBERTO*<br \/>\nFARRATE, CINTIA*<br \/>\nFERREYRA, JONATHAN<br \/>\nFERREYRA, MAR\u00cdA LUZ<br \/>\nFERREYRA, OSCAR*<br \/>\nGALLARDO, RODRIGO<br \/>\nGARAY, MAT\u00cdAS<br \/>\nGARCIA, YANELA<br \/>\nGIM\u00c9NEZ, JAVIER*<br \/>\nGONZALEZ, Ma. Del CARMEN*<br \/>\nGRAIFF, FEDERICO*<br \/>\nGUALCO, GABRIEL<br \/>\nGUZM\u00c1N, DARIO*<br \/>\nLOPEZ, MATIAS<br \/>\nLORENZO, LORENALUDUE\u00d1A, MOIRA<br \/>\nMAUGERI, ADRIAN<br \/>\nMONTOYA, VANESA<br \/>\nMOYA, ANAL\u00cdA*<\/td>\n<td width=\"222\">OLMOS, RITAPEDANO, ALICIA*<br \/>\nPERLO, ALDANA<br \/>\nPYZAYA, ROBERTOROMERO, MARIA SUSANARUIZ, KARINASALAS, DAR\u00cdO*<br \/>\nSALAS, LAURA<br \/>\nSANCHEZ, PAMELA*<br \/>\nSCILIPOTI, CHIARA<br \/>\nSIEROCI\u00d1SKI, WANDA<br \/>\nSOSA, MAR\u00cdA ELENA<br \/>\nTAPIA, MARIELA<br \/>\nTAVITIAN, CRISTIAN*<br \/>\nTOLEDO, STEFAN\u00cdA<br \/>\nTOMACELLI, GABRIELA*<br \/>\nVENENCIA, SERGIO*<br \/>\nVER\u00d3N, LAURA*<br \/>\nZURBRIGGEN, AYELEN<\/td>\n<\/tr>\n<tr>\n<td width=\"222\"><strong>EQUIPO DE ORIENTACI\u00d3N ESCOLAR<\/strong><\/td>\n<td width=\"222\"><strong>PRECEPTOR\u00cdA<\/strong><\/td>\n<td width=\"222\"><strong>BIBLIOTECARIO<\/strong><\/td>\n<\/tr>\n<tr>\n<td width=\"222\">Lic. SCOTTO, Valentina<br \/>\nLic. MOGLIANI, Juliana<br \/>\nLic. VILLANUEVA, Daiana<\/td>\n<td width=\"222\">Felipe BONINO<\/p>\n<p>Javier GIMENEZ<\/p>\n<p>Ernesto P\u00c9REZ SORIA<\/p>\n<p>Leonardo PINO MABRES<\/p>\n<p>Gabriela OCA\u00d1O<\/p>\n<p>Mar\u00eda Elena SOSA<\/p>\n<p>Sergio VENENCIA<\/td>\n<td width=\"222\">MARQUEZ, AXEL<\/p>\n<p>&nbsp;<\/p>\n<p>&nbsp;<\/p>\n<p>&nbsp;<\/p>\n<p>&nbsp;<\/td>\n<\/tr>\n<\/tbody>\n<\/table>\n<p>&nbsp;<\/p>\n","protected":false},"excerpt":{"rendered":"<p>Representante legal: \u00a0Prof. Mar\u00eda Rossi de Mancini Director: Lic. Ignacio E. Barani Vicedirectora: Prof. Pamela J. Sanchez Secretario:\u00a0 Prof. Dar\u00edo Maximiliano Salas PROFESORES ACOSTA VILLAFA\u00d1E, MAXIMILIANOALAMINO, EVELINAALARC\u00d3N, DANIEL*ALBERONI, ANTONELLAARG\u00dcELLO, JESSICABARANI, IGNACIOBERRUEZO, SILVIABONAUDI, GABRIELABOSCO, VANESABUSCEME, ROSSANA*C\u00c1CERES, ELIZABETH*CALCATERRA, NORA*CARBONE, C\u00c9SAR*CHIALVA, LORENA*CICAR\u00c9, CYNTHIA*CONRAD, <a href=\"http:\/\/www.institutonores.edu.ar\/web\/cuerpo-docente\/\" class=\"read-more\">Leer m\u00e1s &#8230;<\/a><\/p>\n","protected":false},"author":1,"featured_media":0,"parent":0,"menu_order":0,"comment_status":"closed","ping_status":"closed","template":"","meta":{"footnotes":""},"class_list":["post-293","page","type-page","status-publish","hentry"],"_links":{"self":[{"href":"http:\/\/www.institutonores.edu.ar\/web\/wp-json\/wp\/v2\/pages\/293","targetHints":{"allow":["GET"]}}],"collection":[{"href":"http:\/\/www.institutonores.edu.ar\/web\/wp-json\/wp\/v2\/pages"}],"about":[{"href":"http:\/\/www.institutonores.edu.ar\/web\/wp-json\/wp\/v2\/types\/page"}],"author":[{"embeddable":true,"href":"http:\/\/www.institutonores.edu.ar\/web\/wp-json\/wp\/v2\/users\/1"}],"replies":[{"embeddable":true,"href":"http:\/\/www.institutonores.edu.ar\/web\/wp-json\/wp\/v2\/comments?post=293"}],"version-history":[{"count":27,"href":"http:\/\/www.institutonores.edu.ar\/web\/wp-json\/wp\/v2\/pages\/293\/revisions"}],"predecessor-version":[{"id":8536,"href":"http:\/\/www.institutonores.edu.ar\/web\/wp-json\/wp\/v2\/pages\/293\/revisions\/8536"}],"wp:attachment":[{"href":"http:\/\/www.institutonores.edu.ar\/web\/wp-json\/wp\/v2\/media?parent=293"}],"curies":[{"name":"wp","href":"https:\/\/api.w.org\/{rel}","templated":true}]}}