{"id":307,"date":"2016-11-28T13:24:12","date_gmt":"2016-11-28T16:24:12","guid":{"rendered":"http:\/\/www.institutonores.edu.ar\/web\/?page_id=307"},"modified":"2025-02-25T16:02:04","modified_gmt":"2025-02-25T19:02:04","slug":"nivel-superior","status":"publish","type":"page","link":"http:\/\/www.institutonores.edu.ar\/web\/nivel-superior\/","title":{"rendered":"SUPERIOR"},"content":{"rendered":"<div id=\"apDiv7\">\n<div id=\"apDiv10\" class=\"Estilo1\">\n<h1 style=\"text-align: center;\" align=\"center\"><span style=\"color: #000080;\"><strong><span class=\"Estilo1\">INSTITUTO SUPERIOR DE FORMACI\u00d3N DOCENTE<\/span><\/strong><\/span><\/h1>\n<h1 style=\"text-align: center;\" align=\"center\"><span style=\"color: #000080;\"><strong><span class=\"Estilo1\">DR. ANTONIO NORES<\/span><\/strong><\/span><\/h1>\n<\/div>\n<\/div>\n<h2 style=\"text-align: center;\"><span style=\"color: #3366ff;\"><strong>CICLO LECTIVO 2025 INSCRIPCIONES\u00a0 ABIERTAS<\/strong><\/span><\/h2>\n<p><span style=\"color: #3366ff;\"><strong><u>REQUISITOS DE INSCRIPCI\u00d3N<\/u><\/strong><\/span><strong>:<a href=\"http:\/\/www.institutonores.edu.ar\/web\/wp-content\/uploads\/2020\/09\/ISFD_2020.png\"><img loading=\"lazy\" decoding=\"async\" class=\"alignright size-medium wp-image-5921\" src=\"http:\/\/www.institutonores.edu.ar\/web\/wp-content\/uploads\/2020\/09\/ISFD_2020-300x189.png\" alt=\"\" width=\"300\" height=\"189\" srcset=\"http:\/\/www.institutonores.edu.ar\/web\/wp-content\/uploads\/2020\/09\/ISFD_2020-300x189.png 300w, http:\/\/www.institutonores.edu.ar\/web\/wp-content\/uploads\/2020\/09\/ISFD_2020-360x227.png 360w, http:\/\/www.institutonores.edu.ar\/web\/wp-content\/uploads\/2020\/09\/ISFD_2020.png 741w\" sizes=\"auto, (max-width: 300px) 100vw, 300px\" \/><\/a><\/strong><br \/>\n<strong>Fotocopia de D.N.I.<\/strong><br \/>\n<strong>Fotocopia legalizada del anal\u00edtico del Secundario.<\/strong><br \/>\n<strong>Partida de nacimiento legalizada.<\/strong><br \/>\n<strong>Tres fotos carnet de 4 x 4.<\/strong><br \/>\n<strong>Constancia de CUIL.<\/strong><br \/>\n<strong>Certificado de No inscripto en el Registro Provincial de Personas Condenadas por Delitos contra la Integridad Sexual (Ley N\u00ba 9.680)<\/strong><\/p>\n<p>&nbsp;<\/p>\n<p><span style=\"color: #3366ff;\"><strong><u>INFORMES<\/u><\/strong><\/span><strong>: <\/strong>de lunes a viernes en el horario de 17 hs. a 21hs.<br \/>\nTel: 0351 \u2013 4789666<br \/>\n<strong>e-mail: <\/strong><a href=\"mailto:nivelsuperior@institutonores.edu.ar\"><strong>nivelsuperior@institutonores.edu.ar<\/strong><\/a><br \/>\n<a href=\"http:\/\/www.institutonores.edu.ar\">www.institutonores.edu.ar<\/a><br \/>\nJulio de Vedia 2351 B\u00ba Santa clara de As\u00eds. C\u00f3rdoba Capital.<br \/>\nColectivos: 60, 63, 65 y 66 (Arenales).<\/p>\n<p><span style=\"color: #3366ff;\"><strong><u>HORARIO DE CURSADO<\/u><\/strong><strong>:<\/strong><\/span>de\u00a0 lunes a viernes de 16:00 a 22:00 hs.<br \/>\n<span style=\"color: #3366ff;\"><strong><u>DURACI\u00d3N<\/u><\/strong>:<\/span> 4 a\u00f1os (validez nacional). <strong>Se aceptan materias cursadas y aprobadas en otra Instituci\u00f3n como equivalencias<\/strong>.<br \/>\n<span style=\"color: #3366ff;\"><strong>CONSULT\u00c1 POR EL PROGRAMA DE BECAS \u201cFundaci\u00f3n Dr. Antonio Nores\u201d.- <\/strong><\/span><\/p>\n<p><em>ESTA ES TU OPORTUNIDAD,\u00a0 NO LA DEJES PASAR, VEN\u00cd Y ESTUDIA PROFESORADO DE INGL\u00c9S EN EL INSTITUTO SUPERIOR DE FORMACI\u00d3N DOCENTE DR. ANTONIO NORES.<\/em><\/p>\n<p><strong>\u00a0<\/strong><\/p>\n<h2><span style=\"color: #ff0000;\">MOMENT\u00c1NEAMENTE NOS ESTAMOS COMUNICANDO POR LOS SIGUIENTES MEDIOS:<\/span><\/h2>\n<ul>\n<li>\n<h2><span style=\"color: #ff0000;\">Tel\u00e9fono celular: 351 5170225 &#8211; 351 7436166<\/span><\/h2>\n<\/li>\n<li>\n<h2><span style=\"color: #ff0000;\">mail: <span style=\"color: #0000ff;\"><a style=\"color: #0000ff;\" href=\"mailto:nivelsuperior@institutonores.edu.ar\">nivelsuperior@institutonores.edu.ar<\/a><\/span><\/span><\/h2>\n<\/li>\n<\/ul>\n<h2 style=\"text-align: center;\"><span style=\"color: #000000;\"><strong>En el mes de Enero Secretar\u00eda atender\u00e1 de 9 a 12:30 hs<\/strong><\/span><\/h2>\n<h2><span style=\"color: #ff0000;\">Para concretar la matr\u00edcula al ciclo lectivo 2025 de la carrera \u201cProfesorado de Ingl\u00e9s\u201d, deben presentar toda la documentaci\u00f3n solicitada en Secretar\u00eda del Nivel Superior de Lunes a Viernes de 17 a 21hs.<\/span><\/h2>\n<p><strong>Las Tic Aplicadas a la Ense\u00f1anza de la Lengua Cultura Extranjera: Ingl\u00e9s <a href=\"http:\/\/www.institutonores.edu.ar\/web\/wp-content\/uploads\/2020\/09\/image004.png\"><img loading=\"lazy\" decoding=\"async\" class=\"alignright size-full wp-image-5923\" src=\"http:\/\/www.institutonores.edu.ar\/web\/wp-content\/uploads\/2020\/09\/image004.png\" alt=\"\" width=\"208\" height=\"254\" \/><\/a><\/strong><br \/>\nCon un escenario educativo en transformaci\u00f3n creciente por el desarrollo tecnol\u00f3gico, los profesores de Lengua Extranjera encuentran en esta realidad un desaf\u00edo cada vez mayor, se hace evidente la necesidad de una formaci\u00f3n docente que apunte no s\u00f3lo al uso de herramientas tecnol\u00f3gicas sino tambi\u00e9n al desarrollo de criterios pedag\u00f3gicos que permitan el dise\u00f1o de actividades interactivas atractivas.<br \/>\nEl uso adecuado de los recursos tecnol\u00f3gicos permite al docente de lengua extranjera crear y\/o adaptar materiales en funci\u00f3n del nivel y de los intereses particulares del alumno acrecentando el aprendizaje significativo de los mismos.<br \/>\nEn la sociedad de la informaci\u00f3n el docente ha de ser proveedor de recursos, facilitador del aprendizaje, gu\u00eda para sus alumnos, colaborador del grupo clase, motivador del saber, consultor de informaci\u00f3n, activador de conocimientos previos, planificador escrupuloso, asesor de t\u00e9cnicas de \u00a0estudio y estrategias de aprendizaje, evaluador continuo, gestor de conocimientos, potenciador de autoaprendizajes, y propiciador de situaciones donde se destaquen los valores espirituales, entre otros.<br \/>\nEl Instituto Superior de Formaci\u00f3n Docente Dr. Antonio Nores, se propone conducir a los futuros Profesores de Ingl\u00e9s para que sean capaces de dise\u00f1ar soluciones pedag\u00f3gicas adecuadas a los requerimientos del siglo XXI. Con la incorporaci\u00f3n\u00a0 al Plan de Estudios Res. Min. N\u00ba 96\/14 de la Unidad Curricular: \u201cLas Tic Aplicadas a la Ense\u00f1anza del Idioma Ingl\u00e9s\u201d los cuatro a\u00f1os de la carrera, los estudiantes desarrollar\u00e1n competencias t\u00e9cnicas, pedag\u00f3gicas, sociales y \u00e9ticas, posibilitando una integraci\u00f3n de las TIC a su futura pr\u00e1ctica docente y posterior desempe\u00f1o laboral.<\/p>\n<p>&nbsp;<\/p>\n<p><a href=\"http:\/\/www.institutonores.edu.ar\/terciario_solicitud_beca.htm\"><strong>BECAS PARA INGRESANTES A PRIMER A\u00d1O<\/strong><\/a><\/p>\n<p>&nbsp;<\/p>\n<p>La Universidad Tecnol\u00f3gica Nacional Villa Mar\u00eda (UTN) capacita a Profesores de Ingl\u00e9s a trav\u00e9s de la Licenciatura en Lengua Inglesa. La iniciativa cuenta con Resoluci\u00f3n N\u00ba 251 del Ministerio de Educaci\u00f3n de la Naci\u00f3n y posibilita a quienes concluyen con el Profesorado de Ingl\u00e9s (Nivel Terciario), poder acceder a una Licenciatura con el solo hecho de cursar tres cuatrimestres, aprobar distintas c\u00e1tedras y presentar una tesis. Una vez con el t\u00edtulo, quienes la cursaron, pueden mejorar sustancialmente la oferta laboral ya que, por ejemplo, est\u00e1n habilitados para dictar clases en una Universidad, o seguir Maestr\u00edas y hasta Doctorados. Para mayor informaci\u00f3n, dirigirse a <a href=\"http:\/\/www.frvm.utn.edu.ar\/\">www.frvm.utn.edu.ar<\/a> y a la Secretar\u00eda de Asuntos Estudiantiles de la UTN, avenida Universidad 450 Villa Mar\u00eda o bien llamar al Tel: 0353 &#8211; 4537500<\/p>\n<p>&nbsp;<\/p>\n","protected":false},"excerpt":{"rendered":"<p>INSTITUTO SUPERIOR DE FORMACI\u00d3N DOCENTE DR. ANTONIO NORES CICLO LECTIVO 2025 INSCRIPCIONES\u00a0 ABIERTAS REQUISITOS DE INSCRIPCI\u00d3N: Fotocopia de D.N.I. Fotocopia legalizada del anal\u00edtico del Secundario. Partida de nacimiento legalizada. Tres fotos carnet de 4 x 4. Constancia de CUIL. Certificado <a href=\"http:\/\/www.institutonores.edu.ar\/web\/nivel-superior\/\" class=\"read-more\">Leer m\u00e1s &#8230;<\/a><\/p>\n","protected":false},"author":1,"featured_media":431,"parent":0,"menu_order":0,"comment_status":"closed","ping_status":"closed","template":"","meta":{"footnotes":""},"class_list":["post-307","page","type-page","status-publish","has-post-thumbnail","hentry"],"_links":{"self":[{"href":"http:\/\/www.institutonores.edu.ar\/web\/wp-json\/wp\/v2\/pages\/307","targetHints":{"allow":["GET"]}}],"collection":[{"href":"http:\/\/www.institutonores.edu.ar\/web\/wp-json\/wp\/v2\/pages"}],"about":[{"href":"http:\/\/www.institutonores.edu.ar\/web\/wp-json\/wp\/v2\/types\/page"}],"author":[{"embeddable":true,"href":"http:\/\/www.institutonores.edu.ar\/web\/wp-json\/wp\/v2\/users\/1"}],"replies":[{"embeddable":true,"href":"http:\/\/www.institutonores.edu.ar\/web\/wp-json\/wp\/v2\/comments?post=307"}],"version-history":[{"count":29,"href":"http:\/\/www.institutonores.edu.ar\/web\/wp-json\/wp\/v2\/pages\/307\/revisions"}],"predecessor-version":[{"id":8470,"href":"http:\/\/www.institutonores.edu.ar\/web\/wp-json\/wp\/v2\/pages\/307\/revisions\/8470"}],"wp:featuredmedia":[{"embeddable":true,"href":"http:\/\/www.institutonores.edu.ar\/web\/wp-json\/wp\/v2\/media\/431"}],"wp:attachment":[{"href":"http:\/\/www.institutonores.edu.ar\/web\/wp-json\/wp\/v2\/media?parent=307"}],"curies":[{"name":"wp","href":"https:\/\/api.w.org\/{rel}","templated":true}]}}