{"id":320,"date":"2016-11-28T13:41:08","date_gmt":"2016-11-28T16:41:08","guid":{"rendered":"http:\/\/www.institutonores.edu.ar\/web\/?page_id=320"},"modified":"2018-06-19T08:32:30","modified_gmt":"2018-06-19T11:32:30","slug":"plan-de-estudios","status":"publish","type":"page","link":"http:\/\/www.institutonores.edu.ar\/web\/plan-de-estudios\/","title":{"rendered":"Plan de Estudios"},"content":{"rendered":"<h1>Profesorado de Ingl\u00e9s<\/h1>\n<p>Estructura Curricular \u2013 Plan de Estudios Resoluci\u00f3n Ministerial N\u00ba: 96\/14 y Res. D.G.I.P.E. N\u00ba 600\/16<\/p>\n<p>&nbsp;<\/p>\n<table>\n<tbody>\n<tr>\n<td colspan=\"6\" width=\"657\">\n<p style=\"text-align: center;\"><span style=\"color: #000080;\"><strong>PROFESORADO DE INGL\u00c9S: 1\u00ba A\u00d1O<\/strong><\/span><\/p>\n<\/td>\n<\/tr>\n<tr>\n<td width=\"255\"><strong>CAMPOS DE LA FORMACI\u00d3N<\/strong><\/td>\n<td width=\"76\"><strong>Hs. C\u00e1tedra semanales<\/strong><\/td>\n<td width=\"77\"><strong>Hs. C\u00e1tedra anuales<\/strong><\/td>\n<td width=\"76\"><strong>Hs. asignadas para el Taller Integrador<\/strong><\/td>\n<td width=\"77\"><strong>Total hs. docente<\/strong><\/td>\n<td width=\"96\"><strong>Formato Curricular<\/strong><\/td>\n<\/tr>\n<tr>\n<td colspan=\"6\" width=\"657\">\n<p style=\"text-align: center; background: #F3F3F3;\"><strong>CAMPO DE LA FORMACI\u00d3N GENERAL<\/strong><\/p>\n<\/td>\n<\/tr>\n<tr>\n<td width=\"255\"><strong>Pedagog\u00eda<\/strong><\/td>\n<td width=\"76\">4<\/td>\n<td width=\"77\">128<\/td>\n<td width=\"76\">0<\/td>\n<td width=\"77\">4<\/td>\n<td width=\"96\">Asignatura Anual<\/td>\n<\/tr>\n<tr>\n<td width=\"255\"><strong>Problem\u00e1ticas Socioantropol\u00f3gicas en Educaci\u00f3n<\/strong><\/td>\n<td width=\"76\">3<\/td>\n<td width=\"77\">96<\/td>\n<td width=\"76\">1<\/td>\n<td width=\"77\">4<\/td>\n<td width=\"96\">Seminario Anual<\/td>\n<\/tr>\n<tr>\n<td width=\"255\"><strong>Psicolog\u00eda y Educaci\u00f3n<\/strong><\/td>\n<td width=\"76\">4<\/td>\n<td width=\"77\">128<\/td>\n<td width=\"76\">0<\/td>\n<td width=\"77\">4<\/td>\n<td width=\"96\">Asignatura Anual<\/td>\n<\/tr>\n<tr>\n<td colspan=\"6\" width=\"657\">\n<p style=\"text-align: center; background: #F3F3F3;\"><strong>CAMPO DE LA PR\u00c1CTICA DOCENTE<\/strong><\/p>\n<\/td>\n<\/tr>\n<tr>\n<td rowspan=\"2\" width=\"255\"><strong>Pr\u00e1ctica Docente I:<\/strong><\/p>\n<p><strong>Contextos y Pr\u00e1cticas Educativas<\/strong><\/td>\n<td rowspan=\"2\" width=\"76\">3<\/td>\n<td rowspan=\"2\" width=\"77\">96<\/td>\n<td rowspan=\"2\" width=\"76\">1<\/td>\n<td rowspan=\"2\" width=\"77\">4<\/td>\n<td width=\"96\">Seminario Anual<\/td>\n<\/tr>\n<tr>\n<td width=\"96\">Taller Integrador<\/td>\n<\/tr>\n<tr>\n<td colspan=\"6\" width=\"657\">\n<p style=\"text-align: center; background: #F3F3F3;\"><strong>CAMPO DE LA FORMACI\u00d3N ESPEC\u00cdFICA<\/strong><\/p>\n<\/td>\n<\/tr>\n<tr>\n<td width=\"255\"><strong>Pr\u00e1cticas Discursivas en Ingl\u00e9s I<\/strong><\/td>\n<td width=\"76\">7<\/td>\n<td width=\"77\">224<\/td>\n<td width=\"76\">1<\/td>\n<td width=\"77\">8<\/td>\n<td width=\"96\">Asignatura Anual<\/td>\n<\/tr>\n<tr>\n<td width=\"255\"><strong>Fon\u00e9tica y Fonolog\u00eda Inglesa I<\/strong><\/td>\n<td width=\"76\">3<\/td>\n<td width=\"77\">96<\/td>\n<td width=\"76\">1<\/td>\n<td width=\"77\">4<\/td>\n<td width=\"96\">Asignatura Anual<\/td>\n<\/tr>\n<tr>\n<td width=\"255\"><strong>Gram\u00e1tica Inglesa I<\/strong><\/td>\n<td width=\"76\">4<\/td>\n<td width=\"77\">128<\/td>\n<td width=\"76\">0<\/td>\n<td width=\"77\">4<\/td>\n<td width=\"96\">Asignatura Anual<\/td>\n<\/tr>\n<tr>\n<td width=\"255\"><strong>Estudios Socioculturales y Literarios de Pueblos de Habla Inglesa I<\/strong><\/td>\n<td width=\"76\">4<\/td>\n<td width=\"77\">128<\/td>\n<td width=\"76\">0<\/td>\n<td width=\"77\">4<\/td>\n<td width=\"96\">Seminario Anual<\/td>\n<\/tr>\n<tr>\n<td width=\"255\"><span style=\"color: #33cccc;\"><strong><em>Las TIC Aplicadas a la Ense<\/em><\/strong><strong><em>\u00f1<\/em><\/strong><strong><em>anza del Idioma Ingl<\/em><\/strong><strong><em>\u00e9<\/em><\/strong><strong><em>s I<\/em><\/strong><\/span><\/td>\n<td width=\"76\"><span style=\"color: #33cccc;\"><em>2<\/em><\/span><\/td>\n<td width=\"77\"><span style=\"color: #33cccc;\"><em>64<\/em><\/span><\/td>\n<td width=\"76\"><span style=\"color: #33cccc;\"><em>0<\/em><\/span><\/td>\n<td width=\"77\"><span style=\"color: #33cccc;\"><em>2<\/em><\/span><\/td>\n<td width=\"96\"><span style=\"color: #33cccc;\"><em>\u00a0\u00a0\u00a0 Taller <\/em><em>Anual<\/em><\/span><\/td>\n<\/tr>\n<tr>\n<td width=\"255\"><strong>Total: 8 Unidades Curriculares<\/strong><\/td>\n<td width=\"76\"><strong>32<\/strong><\/td>\n<td width=\"77\"><strong>1024<\/strong><\/td>\n<td width=\"76\"><strong>4<\/strong><\/td>\n<td width=\"77\"><strong>36<\/strong><\/td>\n<td width=\"96\"><\/td>\n<\/tr>\n<tr>\n<td width=\"255\"><span style=\"color: #33cccc;\"><strong>Total: 9 UC Incluyendo Proyecto Institucional<\/strong><\/span><\/td>\n<td width=\"76\"><span style=\"color: #33cccc;\"><strong>34<\/strong><\/span><\/td>\n<td width=\"77\"><span style=\"color: #33cccc;\"><strong>1088<\/strong><\/span><\/td>\n<td width=\"76\"><span style=\"color: #33cccc;\"><strong>4<\/strong><\/span><\/td>\n<td width=\"77\"><span style=\"color: #33cccc;\"><strong>38<\/strong><\/span><\/td>\n<td width=\"96\"><\/td>\n<\/tr>\n<\/tbody>\n<\/table>\n<p>&nbsp;<\/p>\n<table>\n<tbody>\n<tr>\n<td colspan=\"6\" width=\"659\">\n<p style=\"text-align: center;\"><span style=\"color: #000080;\"><strong>PROFESORADO DE INGL\u00c9S: 2\u00ba A\u00d1O<\/strong><\/span><\/p>\n<\/td>\n<\/tr>\n<tr>\n<td width=\"256\"><strong>CAMPOS DE LA FORMACI\u00d3N<\/strong><\/td>\n<td width=\"77\"><strong>Hs. C\u00e1tedra semanales<\/strong><\/td>\n<td width=\"77\"><strong>Hs. C\u00e1tedra anuales<\/strong><\/td>\n<td width=\"77\"><strong>Hs. asignadas para el Taller Integrador<\/strong><\/td>\n<td width=\"77\"><strong>Total hs. docente<\/strong><\/td>\n<td width=\"96\"><strong>Formato curricular<\/strong><\/td>\n<\/tr>\n<tr>\n<td colspan=\"6\" width=\"659\">\n<p style=\"text-align: center; background: #F3F3F3;\"><strong>CAMPO DE LA FORMACI\u00d3N GENERAL<\/strong><\/p>\n<\/td>\n<\/tr>\n<tr>\n<td width=\"256\"><strong>Historia y Pol\u00edtica de la Educaci\u00f3n Argentina<\/strong><\/td>\n<td width=\"77\">3<\/td>\n<td width=\"77\">96<\/td>\n<td width=\"77\">0<\/td>\n<td width=\"77\">3<\/td>\n<td width=\"96\">Asignatura Anual<\/td>\n<\/tr>\n<tr>\n<td width=\"256\"><strong>Did\u00e1ctica General<\/strong><\/td>\n<td width=\"77\">3<\/td>\n<td width=\"77\">96<\/td>\n<td width=\"77\">0<\/td>\n<td width=\"77\">3<\/td>\n<td width=\"96\">Asignatura Anual<\/td>\n<\/tr>\n<tr>\n<td colspan=\"6\" width=\"659\">\n<p style=\"text-align: center; background: #F3F3F3;\"><strong>CAMPO DE LA PR\u00c1CTICA DOCENTE<\/strong><\/p>\n<\/td>\n<\/tr>\n<tr>\n<td rowspan=\"2\" width=\"256\"><strong>Pr\u00e1ctica Docente II:<\/strong><\/p>\n<p><strong>Escuelas, Historias Documentadas y Cotidianeidad<\/strong><\/td>\n<td rowspan=\"2\" width=\"77\">3<\/td>\n<td rowspan=\"2\" width=\"77\">96<\/td>\n<td rowspan=\"2\" width=\"77\">1<\/td>\n<td rowspan=\"2\" width=\"77\">4<\/td>\n<td width=\"96\">Seminario Anual<\/td>\n<\/tr>\n<tr>\n<td width=\"96\">Taller Integrador<\/td>\n<\/tr>\n<tr>\n<td colspan=\"6\" width=\"659\">\n<p style=\"text-align: center; background: #F3F3F3;\"><strong>CAMPO DE LA FORMACI\u00d3N ESPEC\u00cdFICA<\/strong><\/p>\n<\/td>\n<\/tr>\n<tr>\n<td width=\"256\"><strong>Pr\u00e1cticas Discursivas en Ingl\u00e9s II<\/strong><\/td>\n<td width=\"77\">7<\/td>\n<td width=\"77\">224<\/td>\n<td width=\"77\">0<\/td>\n<td width=\"77\">7<\/td>\n<td width=\"96\">Asignatura Anual<\/td>\n<\/tr>\n<tr>\n<td width=\"256\"><strong>Fon\u00e9tica y Fonolog\u00eda Inglesa II<\/strong><\/td>\n<td width=\"77\">3<\/td>\n<td width=\"77\">96<\/td>\n<td width=\"77\">0<\/td>\n<td width=\"77\">3<\/td>\n<td width=\"96\">Asignatura Anual<\/td>\n<\/tr>\n<tr>\n<td width=\"256\"><strong>Gram\u00e1tica Inglesa II<\/strong><\/td>\n<td width=\"77\">4<\/td>\n<td width=\"77\">128<\/td>\n<td width=\"77\">0<\/td>\n<td width=\"77\">4<\/td>\n<td width=\"96\">Asignatura Anual<\/td>\n<\/tr>\n<tr>\n<td width=\"256\"><strong>Estudios Socioculturales y Literarios de Pueblos de Habla Inglesa II<\/strong><\/td>\n<td width=\"77\">3<\/td>\n<td width=\"77\">96<\/td>\n<td width=\"77\">1<\/td>\n<td width=\"77\">4<\/td>\n<td width=\"96\">Seminario Anual<\/td>\n<\/tr>\n<tr>\n<td width=\"256\"><strong>Problem\u00e1ticas de la Adquisici\u00f3n de una Segunda Lengua<\/strong><\/td>\n<td width=\"77\">2<\/td>\n<td width=\"77\">64<\/td>\n<td width=\"77\">1<\/td>\n<td width=\"77\">3<\/td>\n<td width=\"96\">Seminario Anual<\/td>\n<\/tr>\n<tr>\n<td width=\"256\"><strong>Sujetos de la Educaci\u00f3n<\/strong><\/td>\n<td width=\"77\">3<\/td>\n<td width=\"77\">96<\/td>\n<td width=\"77\">1<\/td>\n<td width=\"77\">4<\/td>\n<td width=\"96\">Seminario Anual<\/td>\n<\/tr>\n<tr>\n<td width=\"256\"><span style=\"color: #33cccc;\"><strong><em>Las TIC Aplicadas a la Ense<\/em><\/strong><strong><em>\u00f1<\/em><\/strong><strong><em>anza del Idioma Ingl<\/em><\/strong><strong><em>\u00e9<\/em><\/strong><strong><em>s II<\/em><\/strong><\/span><\/td>\n<td width=\"77\"><span style=\"color: #33cccc;\"><em>2<\/em><\/span><\/td>\n<td width=\"77\"><span style=\"color: #33cccc;\"><em>64<\/em><\/span><\/td>\n<td width=\"77\"><span style=\"color: #33cccc;\"><em>0<\/em><\/span><\/td>\n<td width=\"77\"><span style=\"color: #33cccc;\"><em>2<\/em><\/span><\/td>\n<td width=\"96\"><span style=\"color: #33cccc;\"><em>\u00a0\u00a0\u00a0 Taller <\/em><em>Anual<\/em><\/span><\/td>\n<\/tr>\n<tr>\n<td width=\"256\"><strong>Total: 9 Unidades Curriculares<\/strong><\/td>\n<td width=\"77\"><strong>31<\/strong><\/td>\n<td width=\"77\"><strong>992<\/strong><\/td>\n<td width=\"77\"><strong>4<\/strong><\/td>\n<td width=\"77\"><strong>35<\/strong><\/td>\n<td width=\"96\"><strong>\u00a0<\/strong><\/td>\n<\/tr>\n<tr>\n<td width=\"256\"><span style=\"color: #33cccc;\"><strong>Total: 10 UC Incluyendo Proyecto Institucional<\/strong><\/span><\/td>\n<td width=\"77\"><span style=\"color: #33cccc;\"><strong>33<\/strong><\/span><\/td>\n<td width=\"77\"><span style=\"color: #33cccc;\"><strong>1088<\/strong><\/span><\/td>\n<td width=\"77\"><span style=\"color: #33cccc;\"><strong>4<\/strong><\/span><\/td>\n<td width=\"77\"><span style=\"color: #33cccc;\"><strong>37<\/strong><\/span><\/td>\n<td width=\"96\"><\/td>\n<\/tr>\n<\/tbody>\n<\/table>\n<p>&nbsp;<\/p>\n<p>&nbsp;<\/p>\n<table>\n<tbody>\n<tr>\n<td colspan=\"6\" width=\"658\">\n<p style=\"text-align: center;\"><span style=\"color: #000080;\"><strong>PROFESORADO DE INGL\u00c9S: 3\u00ba A\u00d1O<\/strong><\/span><\/p>\n<\/td>\n<\/tr>\n<tr>\n<td width=\"256\"><strong>CAMPOS DE LA FORMACI\u00d3N<\/strong><\/td>\n<td width=\"77\"><strong>Hs. C\u00e1tedra semanales<\/strong><\/td>\n<td width=\"77\"><strong>Hs. C\u00e1tedra anuales<\/strong><\/td>\n<td width=\"77\"><strong>Hs. asignadas para el Taller Integrador<\/strong><\/td>\n<td width=\"77\"><strong>Total hs. docente<\/strong><\/td>\n<td width=\"96\"><strong>Formato curricular<\/strong><\/td>\n<\/tr>\n<tr>\n<td colspan=\"6\" width=\"658\">\n<p style=\"text-align: center; background: #F3F3F3;\"><strong>CAMPO DE LA FORMACI\u00d3N GENERAL<\/strong><\/p>\n<\/td>\n<\/tr>\n<tr>\n<td width=\"256\"><strong>Filosof\u00eda y Educaci\u00f3n<\/strong><\/td>\n<td width=\"77\">3<\/td>\n<td width=\"77\">96<\/td>\n<td width=\"77\">0<\/td>\n<td width=\"77\">3<\/td>\n<td width=\"96\">Asignatura Anual<\/td>\n<\/tr>\n<tr>\n<td colspan=\"6\" width=\"658\">\n<p style=\"text-align: center; background: #F3F3F3;\"><strong>CAMPO DE LA PR\u00c1CTICA DOCENTE<\/strong><\/p>\n<\/td>\n<\/tr>\n<tr>\n<td rowspan=\"2\" width=\"256\"><strong>Pr\u00e1ctica Docente III y Residencia<\/strong><\/td>\n<td rowspan=\"2\" width=\"77\">6<\/td>\n<td rowspan=\"2\" width=\"77\">192<\/td>\n<td rowspan=\"2\" width=\"77\">2<\/td>\n<td rowspan=\"2\" width=\"77\">8<\/td>\n<td width=\"96\">Seminario y Tutor\u00edas Anuales<\/td>\n<\/tr>\n<tr>\n<td width=\"96\">Taller Integrador<\/td>\n<\/tr>\n<tr>\n<td colspan=\"6\" width=\"658\">\n<p style=\"text-align: center; background: #F3F3F3;\"><strong>CAMPO DE LA FORMACI\u00d3N ESPEC\u00cdFICA<\/strong><\/p>\n<\/td>\n<\/tr>\n<tr>\n<td width=\"256\"><strong>Pr\u00e1cticas Discursivas en Ingl\u00e9s III<\/strong><\/td>\n<td width=\"77\">7<\/td>\n<td width=\"77\">224<\/td>\n<td width=\"77\">0<\/td>\n<td width=\"77\">7<\/td>\n<td width=\"96\">Asignatura Anual<\/td>\n<\/tr>\n<tr>\n<td width=\"256\"><strong>Fon\u00e9tica y Fonolog\u00eda Inglesa III<\/strong><\/td>\n<td width=\"77\">3<\/td>\n<td width=\"77\">96<\/td>\n<td width=\"77\">0<\/td>\n<td width=\"77\">3<\/td>\n<td width=\"96\">Asignatura Anual<\/td>\n<\/tr>\n<tr>\n<td width=\"256\"><strong>Gram\u00e1tica Inglesa III<\/strong><\/td>\n<td width=\"77\">3<\/td>\n<td width=\"77\">96<\/td>\n<td width=\"77\">1<\/td>\n<td width=\"77\">4<\/td>\n<td width=\"96\">Asignatura Anual<\/td>\n<\/tr>\n<tr>\n<td width=\"256\"><strong>Ling\u00fc\u00edstica I<\/strong><\/td>\n<td width=\"77\">3<\/td>\n<td width=\"77\">96<\/td>\n<td width=\"77\">0<\/td>\n<td width=\"77\">3<\/td>\n<td width=\"96\">Asignatura Anual<\/td>\n<\/tr>\n<tr>\n<td width=\"256\"><strong>Estudios Socioculturales y Literarios de Pueblos de Habla Inglesa III<\/strong><\/td>\n<td width=\"77\">3<\/td>\n<td width=\"77\">96<\/td>\n<td width=\"77\">1<\/td>\n<td width=\"77\">4<\/td>\n<td width=\"96\">Seminario Anual<\/td>\n<\/tr>\n<tr>\n<td width=\"256\"><strong>Did\u00e1ctica del Ingl\u00e9s I<\/strong><\/td>\n<td width=\"77\">4<\/td>\n<td width=\"77\">128<\/td>\n<td width=\"77\">1<\/td>\n<td width=\"77\">5<\/td>\n<td width=\"96\">Asignatura Anual<\/td>\n<\/tr>\n<tr>\n<td width=\"256\"><span style=\"color: #33cccc;\"><strong><em>Las TIC Aplicadas a la Ense<\/em><\/strong><strong><em>\u00f1<\/em><\/strong><strong><em>anza del Idioma Ingl<\/em><\/strong><strong><em>\u00e9<\/em><\/strong><strong><em>s III<\/em><\/strong><\/span><\/td>\n<td width=\"77\"><span style=\"color: #33cccc;\"><em>2<\/em><\/span><\/td>\n<td width=\"77\"><span style=\"color: #33cccc;\"><em>64<\/em><\/span><\/td>\n<td width=\"77\"><span style=\"color: #33cccc;\"><em>0<\/em><\/span><\/td>\n<td width=\"77\"><span style=\"color: #33cccc;\"><em>2<\/em><\/span><\/td>\n<td width=\"96\"><span style=\"color: #33cccc;\"><em>\u00a0\u00a0\u00a0 Taller <\/em><em>Anual<\/em><\/span><\/td>\n<\/tr>\n<tr>\n<td width=\"256\"><strong>Total: 8 Unidades Curriculares<\/strong><\/td>\n<td width=\"77\"><strong>32<\/strong><\/td>\n<td width=\"77\"><strong>1024<\/strong><\/td>\n<td width=\"77\"><strong>5<\/strong><\/td>\n<td width=\"77\"><strong>37<\/strong><\/td>\n<td width=\"96\"><\/td>\n<\/tr>\n<tr>\n<td width=\"256\"><span style=\"color: #33cccc;\"><strong>Total: 9 UC Incluyendo Proyecto Institucional<\/strong><\/span><\/td>\n<td width=\"77\"><span style=\"color: #33cccc;\"><strong>34<\/strong><\/span><\/td>\n<td width=\"77\"><span style=\"color: #33cccc;\"><strong>1088<\/strong><\/span><\/td>\n<td width=\"77\"><span style=\"color: #33cccc;\"><strong>5<\/strong><\/span><\/td>\n<td width=\"77\"><span style=\"color: #33cccc;\"><strong>39<\/strong><\/span><\/td>\n<td width=\"96\"><\/td>\n<\/tr>\n<\/tbody>\n<\/table>\n<p>&nbsp;<\/p>\n<table>\n<tbody>\n<tr>\n<td colspan=\"6\" width=\"665\">\n<p style=\"text-align: center;\"><span style=\"color: #000080;\"><strong>PROFESORADO DE INGL\u00c9S: 4\u00ba A\u00d1O<\/strong><\/span><\/p>\n<\/td>\n<\/tr>\n<tr>\n<td width=\"253\"><strong>CAMPOS DE LA FORMACI\u00d3N<\/strong><\/td>\n<td width=\"79\"><strong>Hs. C\u00e1tedra semanales<\/strong><\/td>\n<td width=\"75\"><strong>Hs. C\u00e1tedra anuales<\/strong><\/td>\n<td width=\"78\"><strong>Hs. asignadas para el Taller Integrador<\/strong><\/td>\n<td width=\"75\"><strong>Total hs. docente<\/strong><\/td>\n<td width=\"103\"><strong>Formato curricular<\/strong><\/td>\n<\/tr>\n<tr>\n<td colspan=\"6\" width=\"665\">\n<p style=\"text-align: center; background: #F3F3F3;\"><strong>CAMPO DE LA FORMACI\u00d3N GENERAL<\/strong><\/p>\n<\/td>\n<\/tr>\n<tr>\n<td width=\"253\"><strong>\u00c9tica y Construcci\u00f3n de Ciudadan\u00eda<\/strong><\/td>\n<td width=\"79\">3<\/td>\n<td width=\"75\">96<\/td>\n<td width=\"78\">0<\/td>\n<td width=\"75\">3<\/td>\n<td width=\"103\">Asignatura Anual<\/td>\n<\/tr>\n<tr>\n<td width=\"253\"><strong>Educaci\u00f3n Sexual Integral<\/strong><\/td>\n<td width=\"79\">2<\/td>\n<td width=\"75\">64<\/td>\n<td width=\"78\">0<\/td>\n<td width=\"75\">2<\/td>\n<td width=\"103\">Seminario Anua<\/td>\n<\/tr>\n<tr>\n<td colspan=\"6\" width=\"665\">\n<p style=\"text-align: center; background: #F3F3F3;\"><strong>CAMPO DE LA PR\u00c1CTICA DOCENTE<\/strong><\/p>\n<\/td>\n<\/tr>\n<tr>\n<td rowspan=\"2\" width=\"253\"><strong>Pr\u00e1ctica Docente IV y Residencia<\/strong><\/td>\n<td rowspan=\"2\" width=\"79\">6<\/td>\n<td rowspan=\"2\" width=\"75\">192<\/td>\n<td rowspan=\"2\" width=\"78\">2<\/td>\n<td rowspan=\"2\" width=\"75\">8<\/td>\n<td width=\"103\">Seminario y Tutor\u00edas Anuales<\/td>\n<\/tr>\n<tr>\n<td width=\"103\">Taller Integrador<\/td>\n<\/tr>\n<tr>\n<td colspan=\"6\" width=\"665\">\n<p style=\"text-align: center; background: #F3F3F3;\"><strong>CAMPO DE LA FORMACI\u00d3N ESPEC\u00cdFICA<\/strong><\/p>\n<\/td>\n<\/tr>\n<tr>\n<td width=\"253\"><strong>Pr\u00e1cticas Discursivas en Ingl\u00e9s IV<\/strong><\/td>\n<td width=\"79\">7<\/td>\n<td width=\"75\">224<\/td>\n<td width=\"78\">0<\/td>\n<td width=\"75\">7<\/td>\n<td width=\"103\">Asignatura Anual<\/td>\n<\/tr>\n<tr>\n<td width=\"253\"><strong>Ling\u00fc\u00edstica II<\/strong><\/td>\n<td width=\"79\">4<\/td>\n<td width=\"75\">128<\/td>\n<td width=\"78\">1<\/td>\n<td width=\"75\">5<\/td>\n<td width=\"103\">Asignatura Anual<\/td>\n<\/tr>\n<tr>\n<td width=\"253\"><strong>Literatura de Pueblos de Habla Inglesa<\/strong><\/td>\n<td width=\"79\">4<\/td>\n<td width=\"75\">128<\/td>\n<td width=\"78\">0<\/td>\n<td width=\"75\">4<\/td>\n<td width=\"103\">Seminario Anual<\/td>\n<\/tr>\n<tr>\n<td width=\"253\"><strong>Did\u00e1ctica del Ingl\u00e9s II<\/strong><\/td>\n<td width=\"79\">4<\/td>\n<td width=\"75\">128<\/td>\n<td width=\"78\">1<\/td>\n<td width=\"75\">5<\/td>\n<td width=\"103\">Asignatura Anual<\/td>\n<\/tr>\n<tr>\n<td width=\"253\"><strong>Las TIC Aplicadas a la Ense\u00f1anza del Idioma Ingl\u00e9s<\/strong><\/td>\n<td width=\"79\">3<\/td>\n<td width=\"75\">96<\/td>\n<td width=\"78\">0<\/td>\n<td width=\"75\">3<\/td>\n<td width=\"103\">\u00a0\u00a0\u00a0 Taller Anual<\/td>\n<\/tr>\n<tr>\n<td width=\"253\"><span style=\"color: #33cccc;\"><strong><em>Teolog<\/em><\/strong><strong><em>\u00ed<\/em><\/strong><strong><em>a<\/em><\/strong><\/span><\/td>\n<td width=\"79\"><span style=\"color: #33cccc;\"><em>2<\/em><\/span><\/td>\n<td width=\"75\"><span style=\"color: #33cccc;\"><em>64<\/em><\/span><\/td>\n<td width=\"78\"><span style=\"color: #33cccc;\"><em>0<\/em><\/span><\/td>\n<td width=\"75\"><span style=\"color: #33cccc;\"><em>2<\/em><\/span><\/td>\n<td width=\"103\"><span style=\"color: #33cccc;\"><em>Asignatura <\/em><em>Anual<\/em><\/span><\/td>\n<\/tr>\n<tr>\n<td width=\"253\"><strong>Total: 8 Unidades Curriculares<\/strong><\/td>\n<td width=\"79\"><strong>33<\/strong><\/td>\n<td width=\"75\"><strong>\u00a0\u00a0\u00a0\u00a0 1056<\/strong><\/td>\n<td width=\"78\"><strong>4<\/strong><\/td>\n<td width=\"75\"><strong>37<\/strong><\/td>\n<td width=\"103\"><\/td>\n<\/tr>\n<tr>\n<td width=\"253\"><span style=\"color: #33cccc;\"><strong>Total: 9 UC Incluyendo Proyecto Institucional<\/strong><\/span><\/td>\n<td width=\"79\"><span style=\"color: #33cccc;\"><strong>35<\/strong><\/span><\/td>\n<td width=\"75\"><span style=\"color: #33cccc;\"><strong>1120<\/strong><\/span><\/td>\n<td width=\"78\"><span style=\"color: #33cccc;\"><strong>4<\/strong><\/span><\/td>\n<td width=\"75\"><span style=\"color: #33cccc;\"><strong>39<\/strong><\/span><\/td>\n<td width=\"103\"><\/td>\n<\/tr>\n<\/tbody>\n<\/table>\n<p>&nbsp;<\/p>\n<p><strong><em>Duraci\u00f3n de la carrera 4 A\u00f1os<\/em>. <em>Modalidad Presencial. T\u00edtulo Validez Nacional.<\/em><\/strong><\/p>\n<p>&nbsp;<\/p>\n","protected":false},"excerpt":{"rendered":"<p>Profesorado de Ingl\u00e9s Estructura Curricular \u2013 Plan de Estudios Resoluci\u00f3n Ministerial N\u00ba: 96\/14 y Res. D.G.I.P.E. N\u00ba 600\/16 &nbsp; PROFESORADO DE INGL\u00c9S: 1\u00ba A\u00d1O CAMPOS DE LA FORMACI\u00d3N Hs. C\u00e1tedra semanales Hs. C\u00e1tedra anuales Hs. asignadas para el Taller Integrador <a href=\"http:\/\/www.institutonores.edu.ar\/web\/plan-de-estudios\/\" class=\"read-more\">Leer m\u00e1s &#8230;<\/a><\/p>\n","protected":false},"author":1,"featured_media":0,"parent":0,"menu_order":0,"comment_status":"closed","ping_status":"closed","template":"","meta":{"footnotes":""},"class_list":["post-320","page","type-page","status-publish","hentry"],"_links":{"self":[{"href":"http:\/\/www.institutonores.edu.ar\/web\/wp-json\/wp\/v2\/pages\/320","targetHints":{"allow":["GET"]}}],"collection":[{"href":"http:\/\/www.institutonores.edu.ar\/web\/wp-json\/wp\/v2\/pages"}],"about":[{"href":"http:\/\/www.institutonores.edu.ar\/web\/wp-json\/wp\/v2\/types\/page"}],"author":[{"embeddable":true,"href":"http:\/\/www.institutonores.edu.ar\/web\/wp-json\/wp\/v2\/users\/1"}],"replies":[{"embeddable":true,"href":"http:\/\/www.institutonores.edu.ar\/web\/wp-json\/wp\/v2\/comments?post=320"}],"version-history":[{"count":9,"href":"http:\/\/www.institutonores.edu.ar\/web\/wp-json\/wp\/v2\/pages\/320\/revisions"}],"predecessor-version":[{"id":1345,"href":"http:\/\/www.institutonores.edu.ar\/web\/wp-json\/wp\/v2\/pages\/320\/revisions\/1345"}],"wp:attachment":[{"href":"http:\/\/www.institutonores.edu.ar\/web\/wp-json\/wp\/v2\/media?parent=320"}],"curies":[{"name":"wp","href":"https:\/\/api.w.org\/{rel}","templated":true}]}}